{"id":1536,"date":"2025-09-09T19:41:41","date_gmt":"2025-09-09T17:41:41","guid":{"rendered":"https:\/\/charlotteperrotton.com\/?page_id=1536"},"modified":"2026-03-02T14:23:18","modified_gmt":"2026-03-02T13:23:18","slug":"naksane","status":"publish","type":"page","link":"https:\/\/charlotteperrotton.com\/?page_id=1536","title":{"rendered":""},"content":{"rendered":"\t\t<div data-elementor-type=\"wp-page\" data-elementor-id=\"1536\" class=\"elementor elementor-1536\" data-elementor-post-type=\"page\">\n\t\t\t\t<div class=\"elementor-element elementor-element-9e41d13 e-flex e-con-boxed e-con e-parent\" data-id=\"9e41d13\" data-element_type=\"container\">\n\t\t\t\t\t<div class=\"e-con-inner\">\n\t\t\t\t<div class=\"elementor-element elementor-element-1d10927 elementor-widget elementor-widget-image\" data-id=\"1d10927\" data-element_type=\"widget\" data-widget_type=\"image.default\">\n\t\t\t\t<div class=\"elementor-widget-container\">\n\t\t\t\t\t\t\t\t\t\t\t\t\t<img fetchpriority=\"high\" decoding=\"async\" width=\"2560\" height=\"1162\" src=\"https:\/\/charlotteperrotton.com\/wp-content\/uploads\/2025\/10\/1Naksane@2x-100-scaled.jpg\" class=\"attachment-full size-full wp-image-1663\" alt=\"\" srcset=\"https:\/\/charlotteperrotton.com\/wp-content\/uploads\/2025\/10\/1Naksane@2x-100-scaled.jpg 2560w, https:\/\/charlotteperrotton.com\/wp-content\/uploads\/2025\/10\/1Naksane@2x-100-300x136.jpg 300w, https:\/\/charlotteperrotton.com\/wp-content\/uploads\/2025\/10\/1Naksane@2x-100-1024x465.jpg 1024w, https:\/\/charlotteperrotton.com\/wp-content\/uploads\/2025\/10\/1Naksane@2x-100-768x349.jpg 768w, https:\/\/charlotteperrotton.com\/wp-content\/uploads\/2025\/10\/1Naksane@2x-100-1536x697.jpg 1536w, https:\/\/charlotteperrotton.com\/wp-content\/uploads\/2025\/10\/1Naksane@2x-100-2048x930.jpg 2048w\" sizes=\"(max-width: 2560px) 100vw, 2560px\" \/>\t\t\t\t\t\t\t\t\t\t\t\t\t<\/div>\n\t\t\t\t<\/div>\n\t\t\t\t\t<\/div>\n\t\t\t\t<\/div>\n\t\t<div class=\"elementor-element elementor-element-b61ba73 e-flex e-con-boxed e-con e-parent\" data-id=\"b61ba73\" data-element_type=\"container\">\n\t\t\t\t\t<div class=\"e-con-inner\">\n\t\t<div class=\"elementor-element elementor-element-97b2909 e-con-full e-flex e-con e-child\" data-id=\"97b2909\" data-element_type=\"container\">\n\t\t\t\t<div class=\"elementor-element elementor-element-9cc6834 elementor-widget elementor-widget-heading\" data-id=\"9cc6834\" data-element_type=\"widget\" data-widget_type=\"heading.default\">\n\t\t\t\t<div class=\"elementor-widget-container\">\n\t\t\t<h3 class=\"elementor-heading-title elementor-size-default\">Branding pour Naksane<\/h3>\t\t<\/div>\n\t\t\t\t<\/div>\n\t\t\t\t<div class=\"elementor-element elementor-element-cb0586d elementor-widget elementor-widget-text-editor\" data-id=\"cb0586d\" data-element_type=\"widget\" data-widget_type=\"text-editor.default\">\n\t\t\t\t<div class=\"elementor-widget-container\">\n\t\t\t\t\t\t\t<p>IDENTIT\u00c9 VISUELLE, PRINT, \u00a0SOCIAL MEDIA<\/p>\t\t\t\t\t\t<\/div>\n\t\t\t\t<\/div>\n\t\t\t\t<div class=\"elementor-element elementor-element-44a94b0 elementor-widget elementor-widget-text-editor\" data-id=\"44a94b0\" data-element_type=\"widget\" data-widget_type=\"text-editor.default\">\n\t\t\t\t<div class=\"elementor-widget-container\">\n\t\t\t\t\t\t\t<p>Conception identit\u00e9 visuelle de <em data-start=\"146\" data-end=\"155\">Naksane<\/em>, une entreprise d\u00e9di\u00e9e \u00e0 l\u2019organisation de c\u00e9r\u00e9monies fun\u00e9raires. Inspir\u00e9 du mot <em data-start=\"237\" data-end=\"250\">\u00ab Naksane \u00bb<\/em>, qui signifie <em data-start=\"265\" data-end=\"281\">\u00ab repose-toi \u00bb<\/em> dans la langue maternelle de sa fondatrice, le branding traduit les valeurs de respect, d\u2019\u00e9coute et de douceur. Le projet a consist\u00e9 en la cr\u00e9ation d\u2019un <strong data-start=\"435\" data-end=\"463\">logo symbolique et \u00e9pur\u00e9<\/strong>, d\u2019une <strong data-start=\"471\" data-end=\"500\">charte graphique compl\u00e8te<\/strong> et de supports imprim\u00e9s (papeterie, cartes de visite, flyers).<\/p><p>L\u2019ensemble refl\u00e8te la mission de l\u2019entreprise : transformer la douleur en douceur et offrir des hommages sinc\u00e8res et personnalis\u00e9s, fid\u00e8les \u00e0 la m\u00e9moire des d\u00e9funts.<\/p>\t\t\t\t\t\t<\/div>\n\t\t\t\t<\/div>\n\t\t\t\t<\/div>\n\t\t<div class=\"elementor-element elementor-element-f43d871 e-con-full e-flex e-con e-child\" data-id=\"f43d871\" data-element_type=\"container\">\n\t\t\t\t<div class=\"elementor-element elementor-element-1e13c94 elementor-widget elementor-widget-image\" data-id=\"1e13c94\" data-element_type=\"widget\" data-widget_type=\"image.default\">\n\t\t\t\t<div class=\"elementor-widget-container\">\n\t\t\t\t\t\t\t\t\t\t\t\t\t<img decoding=\"async\" width=\"800\" height=\"614\" src=\"https:\/\/charlotteperrotton.com\/wp-content\/uploads\/2025\/09\/Mockuo-logo.gif\" class=\"attachment-large size-large wp-image-1548\" alt=\"\" \/>\t\t\t\t\t\t\t\t\t\t\t\t\t<\/div>\n\t\t\t\t<\/div>\n\t\t\t\t<\/div>\n\t\t\t\t\t<\/div>\n\t\t\t\t<\/div>\n\t\t<div class=\"elementor-element elementor-element-9281d86 e-flex e-con-boxed e-con e-parent\" data-id=\"9281d86\" data-element_type=\"container\">\n\t\t\t\t\t<div class=\"e-con-inner\">\n\t\t\t\t<div class=\"elementor-element elementor-element-efa7fc5 elementor-widget elementor-widget-image\" data-id=\"efa7fc5\" data-element_type=\"widget\" data-widget_type=\"image.default\">\n\t\t\t\t<div class=\"elementor-widget-container\">\n\t\t\t\t\t\t\t\t\t\t\t\t\t<img decoding=\"async\" width=\"2000\" height=\"1333\" src=\"https:\/\/charlotteperrotton.com\/wp-content\/uploads\/2025\/09\/Mockuo-1.jpg\" class=\"attachment-full size-full wp-image-1546\" alt=\"\" srcset=\"https:\/\/charlotteperrotton.com\/wp-content\/uploads\/2025\/09\/Mockuo-1.jpg 2000w, https:\/\/charlotteperrotton.com\/wp-content\/uploads\/2025\/09\/Mockuo-1-300x200.jpg 300w, https:\/\/charlotteperrotton.com\/wp-content\/uploads\/2025\/09\/Mockuo-1-1024x682.jpg 1024w, https:\/\/charlotteperrotton.com\/wp-content\/uploads\/2025\/09\/Mockuo-1-768x512.jpg 768w, https:\/\/charlotteperrotton.com\/wp-content\/uploads\/2025\/09\/Mockuo-1-1536x1024.jpg 1536w\" sizes=\"(max-width: 2000px) 100vw, 2000px\" \/>\t\t\t\t\t\t\t\t\t\t\t\t\t<\/div>\n\t\t\t\t<\/div>\n\t\t\t\t\t<\/div>\n\t\t\t\t<\/div>\n\t\t<div class=\"elementor-element elementor-element-9ff806a e-flex e-con-boxed e-con e-parent\" data-id=\"9ff806a\" data-element_type=\"container\">\n\t\t\t\t\t<div class=\"e-con-inner\">\n\t\t<div class=\"elementor-element elementor-element-f44ea2a e-con-full e-flex e-con e-child\" data-id=\"f44ea2a\" data-element_type=\"container\">\n\t\t\t\t<div class=\"elementor-element elementor-element-200b08e elementor-widget elementor-widget-image\" data-id=\"200b08e\" data-element_type=\"widget\" data-widget_type=\"image.default\">\n\t\t\t\t<div class=\"elementor-widget-container\">\n\t\t\t\t\t\t\t\t\t\t\t\t\t<img loading=\"lazy\" decoding=\"async\" width=\"684\" height=\"1024\" src=\"https:\/\/charlotteperrotton.com\/wp-content\/uploads\/2025\/09\/Capture-decran-2025-07-03-a-16.44.35-684x1024.png\" class=\"attachment-large size-large wp-image-1561\" alt=\"\" srcset=\"https:\/\/charlotteperrotton.com\/wp-content\/uploads\/2025\/09\/Capture-decran-2025-07-03-a-16.44.35-684x1024.png 684w, https:\/\/charlotteperrotton.com\/wp-content\/uploads\/2025\/09\/Capture-decran-2025-07-03-a-16.44.35-200x300.png 200w, https:\/\/charlotteperrotton.com\/wp-content\/uploads\/2025\/09\/Capture-decran-2025-07-03-a-16.44.35-768x1150.png 768w, https:\/\/charlotteperrotton.com\/wp-content\/uploads\/2025\/09\/Capture-decran-2025-07-03-a-16.44.35.png 800w\" sizes=\"(max-width: 684px) 100vw, 684px\" \/>\t\t\t\t\t\t\t\t\t\t\t\t\t<\/div>\n\t\t\t\t<\/div>\n\t\t\t\t<\/div>\n\t\t<div class=\"elementor-element elementor-element-ff5eab1 e-con-full e-flex e-con e-child\" data-id=\"ff5eab1\" data-element_type=\"container\">\n\t\t\t\t<div class=\"elementor-element elementor-element-af9bcfa elementor-widget elementor-widget-image\" data-id=\"af9bcfa\" data-element_type=\"widget\" data-widget_type=\"image.default\">\n\t\t\t\t<div class=\"elementor-widget-container\">\n\t\t\t\t\t\t\t\t\t\t\t\t\t<img loading=\"lazy\" decoding=\"async\" width=\"2000\" height=\"1239\" src=\"https:\/\/charlotteperrotton.com\/wp-content\/uploads\/2025\/09\/02-1.png\" class=\"attachment-full size-full wp-image-1565\" alt=\"\" srcset=\"https:\/\/charlotteperrotton.com\/wp-content\/uploads\/2025\/09\/02-1.png 2000w, https:\/\/charlotteperrotton.com\/wp-content\/uploads\/2025\/09\/02-1-300x186.png 300w, https:\/\/charlotteperrotton.com\/wp-content\/uploads\/2025\/09\/02-1-1024x634.png 1024w, https:\/\/charlotteperrotton.com\/wp-content\/uploads\/2025\/09\/02-1-768x476.png 768w, https:\/\/charlotteperrotton.com\/wp-content\/uploads\/2025\/09\/02-1-1536x952.png 1536w\" sizes=\"(max-width: 2000px) 100vw, 2000px\" \/>\t\t\t\t\t\t\t\t\t\t\t\t\t<\/div>\n\t\t\t\t<\/div>\n\t\t\t\t<\/div>\n\t\t<div class=\"elementor-element elementor-element-5f4a919 e-con-full e-flex e-con e-child\" data-id=\"5f4a919\" data-element_type=\"container\">\n\t\t\t\t<div class=\"elementor-element elementor-element-719c107 elementor-widget elementor-widget-image\" data-id=\"719c107\" data-element_type=\"widget\" data-widget_type=\"image.default\">\n\t\t\t\t<div class=\"elementor-widget-container\">\n\t\t\t\t\t\t\t\t\t\t\t\t\t<img loading=\"lazy\" decoding=\"async\" width=\"683\" height=\"1024\" src=\"https:\/\/charlotteperrotton.com\/wp-content\/uploads\/2025\/09\/AdobeStock_515364186-683x1024.png\" class=\"attachment-large size-large wp-image-1566\" alt=\"\" srcset=\"https:\/\/charlotteperrotton.com\/wp-content\/uploads\/2025\/09\/AdobeStock_515364186-683x1024.png 683w, https:\/\/charlotteperrotton.com\/wp-content\/uploads\/2025\/09\/AdobeStock_515364186-200x300.png 200w, https:\/\/charlotteperrotton.com\/wp-content\/uploads\/2025\/09\/AdobeStock_515364186-768x1152.png 768w, https:\/\/charlotteperrotton.com\/wp-content\/uploads\/2025\/09\/AdobeStock_515364186-1024x1536.png 1024w, https:\/\/charlotteperrotton.com\/wp-content\/uploads\/2025\/09\/AdobeStock_515364186-1365x2048.png 1365w, https:\/\/charlotteperrotton.com\/wp-content\/uploads\/2025\/09\/AdobeStock_515364186-scaled.png 1707w\" sizes=\"(max-width: 683px) 100vw, 683px\" \/>\t\t\t\t\t\t\t\t\t\t\t\t\t<\/div>\n\t\t\t\t<\/div>\n\t\t\t\t<\/div>\n\t\t\t\t\t<\/div>\n\t\t\t\t<\/div>\n\t\t<div class=\"elementor-element elementor-element-7d335ee1 e-flex e-con-boxed e-con e-parent\" data-id=\"7d335ee1\" data-element_type=\"container\" data-settings=\"{&quot;background_background&quot;:&quot;classic&quot;}\">\n\t\t\t\t\t<div class=\"e-con-inner\">\n\t\t<div class=\"elementor-element elementor-element-384cd474 e-flex e-con-boxed e-con e-child\" data-id=\"384cd474\" data-element_type=\"container\">\n\t\t\t\t\t<div class=\"e-con-inner\">\n\t\t\t\t<div class=\"elementor-element elementor-element-32bd013e elementor-widget elementor-widget-heading\" data-id=\"32bd013e\" data-element_type=\"widget\" data-widget_type=\"heading.default\">\n\t\t\t\t<div class=\"elementor-widget-container\">\n\t\t\t<h2 class=\"elementor-heading-title elementor-size-default\">Faites vivre votre marque. \u00c9changeons sur votre projet.<\/h2>\t\t<\/div>\n\t\t\t\t<\/div>\n\t\t\t\t<div class=\"elementor-element elementor-element-5446b36b elementor-widget elementor-widget-text-editor\" data-id=\"5446b36b\" data-element_type=\"widget\" data-widget_type=\"text-editor.default\">\n\t\t\t\t<div class=\"elementor-widget-container\">\n\t\t\t\t\t\t\t<p>Envie de sublimer votre image ou cr\u00e9er un univers qui vous ressemble ?<br data-start=\"387\" data-end=\"390\" \/>Je vous accompagne pour transformer vos id\u00e9es en exp\u00e9riences visuelles uniques.<\/p>\t\t\t\t\t\t<\/div>\n\t\t\t\t<\/div>\n\t\t\t\t<div class=\"elementor-element elementor-element-15359dd1 elementor-mobile-align-center elementor-align-center elementor-widget elementor-widget-button\" data-id=\"15359dd1\" data-element_type=\"widget\" data-widget_type=\"button.default\">\n\t\t\t\t<div class=\"elementor-widget-container\">\n\t\t\t\t\t<div class=\"elementor-button-wrapper\">\n\t\t\t<a class=\"elementor-button elementor-button-link elementor-size-sm\" href=\"https:\/\/charlotteperrotton.com\/?page_id=35\">\n\t\t\t\t\t\t<span class=\"elementor-button-content-wrapper\">\n\t\t\t\t\t\t\t\t\t<span class=\"elementor-button-text\">Discutons de v\u00f4tre projet !<\/span>\n\t\t\t\t\t<\/span>\n\t\t\t\t\t<\/a>\n\t\t<\/div>\n\t\t\t\t<\/div>\n\t\t\t\t<\/div>\n\t\t\t\t\t<\/div>\n\t\t\t\t<\/div>\n\t\t\t\t\t<\/div>\n\t\t\t\t<\/div>\n\t\t\t\t<\/div>\n\t\t","protected":false},"excerpt":{"rendered":"<p>Branding pour Naksane IDENTIT\u00c9 VISUELLE, PRINT, \u00a0SOCIAL MEDIA Conception identit\u00e9 visuelle de Naksane, une entreprise d\u00e9di\u00e9e \u00e0 l\u2019organisation de c\u00e9r\u00e9monies fun\u00e9raires. Inspir\u00e9 du mot \u00ab Naksane \u00bb, qui signifie \u00ab repose-toi \u00bb dans la langue maternelle de sa fondatrice, le branding traduit les valeurs de respect, d\u2019\u00e9coute et de douceur. Le projet a consist\u00e9 en [&hellip;]<\/p>\n","protected":false},"author":1,"featured_media":0,"parent":0,"menu_order":0,"comment_status":"closed","ping_status":"closed","template":"","meta":{"footnotes":""},"class_list":["post-1536","page","type-page","status-publish","hentry"],"yoast_head":"<!-- This site is optimized with the Yoast SEO plugin v25.9 - https:\/\/yoast.com\/wordpress\/plugins\/seo\/ -->\n<title>Naksane - Charlotte Design<\/title>\n<meta name=\"description\" content=\"Identit\u00e9 visuelle et supports de communication pour Naksane, entreprise de services fun\u00e9raires, r\u00e9alis\u00e9e par Charlotte Design \u00e0 Gen\u00e8ve.\" \/>\n<meta name=\"robots\" content=\"index, follow, max-snippet:-1, max-image-preview:large, max-video-preview:-1\" \/>\n<link rel=\"canonical\" href=\"https:\/\/charlotteperrotton.com\/?page_id=1536\" \/>\n<meta property=\"og:locale\" content=\"en_US\" \/>\n<meta property=\"og:type\" content=\"article\" \/>\n<meta property=\"og:title\" content=\"Naksane - Charlotte Design\" \/>\n<meta property=\"og:description\" content=\"Identit\u00e9 visuelle et supports de communication pour Naksane, entreprise de services fun\u00e9raires, r\u00e9alis\u00e9e par Charlotte Design \u00e0 Gen\u00e8ve.\" \/>\n<meta property=\"og:url\" content=\"https:\/\/charlotteperrotton.com\/?page_id=1536\" \/>\n<meta property=\"og:site_name\" content=\"Charlotte Design\" \/>\n<meta property=\"article:modified_time\" content=\"2026-03-02T13:23:18+00:00\" \/>\n<meta property=\"og:image\" content=\"http:\/\/charlotteperrotton.com\/wp-content\/uploads\/2025\/10\/1Naksane@2x-100-scaled.jpg\" \/>\n<meta name=\"twitter:card\" content=\"summary_large_image\" \/>\n<meta name=\"twitter:label1\" content=\"Est. reading time\" \/>\n\t<meta name=\"twitter:data1\" content=\"2 minutes\" \/>\n<script type=\"application\/ld+json\" class=\"yoast-schema-graph\">{\"@context\":\"https:\/\/schema.org\",\"@graph\":[{\"@type\":\"WebPage\",\"@id\":\"https:\/\/charlotteperrotton.com\/?page_id=1536\",\"url\":\"https:\/\/charlotteperrotton.com\/?page_id=1536\",\"name\":\"Naksane - Charlotte Design\",\"isPartOf\":{\"@id\":\"https:\/\/charlotteperrotton.com\/#website\"},\"primaryImageOfPage\":{\"@id\":\"https:\/\/charlotteperrotton.com\/?page_id=1536#primaryimage\"},\"image\":{\"@id\":\"https:\/\/charlotteperrotton.com\/?page_id=1536#primaryimage\"},\"thumbnailUrl\":\"http:\/\/charlotteperrotton.com\/wp-content\/uploads\/2025\/10\/1Naksane@2x-100-scaled.jpg\",\"datePublished\":\"2025-09-09T17:41:41+00:00\",\"dateModified\":\"2026-03-02T13:23:18+00:00\",\"description\":\"Identit\u00e9 visuelle et supports de communication pour Naksane, entreprise de services fun\u00e9raires, r\u00e9alis\u00e9e par Charlotte Design \u00e0 Gen\u00e8ve.\",\"breadcrumb\":{\"@id\":\"https:\/\/charlotteperrotton.com\/?page_id=1536#breadcrumb\"},\"inLanguage\":\"en-US\",\"potentialAction\":[{\"@type\":\"ReadAction\",\"target\":[\"https:\/\/charlotteperrotton.com\/?page_id=1536\"]}]},{\"@type\":\"ImageObject\",\"inLanguage\":\"en-US\",\"@id\":\"https:\/\/charlotteperrotton.com\/?page_id=1536#primaryimage\",\"url\":\"http:\/\/charlotteperrotton.com\/wp-content\/uploads\/2025\/10\/1Naksane@2x-100-scaled.jpg\",\"contentUrl\":\"http:\/\/charlotteperrotton.com\/wp-content\/uploads\/2025\/10\/1Naksane@2x-100-scaled.jpg\"},{\"@type\":\"BreadcrumbList\",\"@id\":\"https:\/\/charlotteperrotton.com\/?page_id=1536#breadcrumb\",\"itemListElement\":[{\"@type\":\"ListItem\",\"position\":1,\"name\":\"Accueil\",\"item\":\"https:\/\/charlotteperrotton.com\/\"},{\"@type\":\"ListItem\",\"position\":2,\"name\":\"Naksane\"}]},{\"@type\":\"WebSite\",\"@id\":\"https:\/\/charlotteperrotton.com\/#website\",\"url\":\"https:\/\/charlotteperrotton.com\/\",\"name\":\"Charlotte Perrotton Design\",\"description\":\"Brand Designer\",\"potentialAction\":[{\"@type\":\"SearchAction\",\"target\":{\"@type\":\"EntryPoint\",\"urlTemplate\":\"https:\/\/charlotteperrotton.com\/?s={search_term_string}\"},\"query-input\":{\"@type\":\"PropertyValueSpecification\",\"valueRequired\":true,\"valueName\":\"search_term_string\"}}],\"inLanguage\":\"en-US\"}]}<\/script>\n<!-- \/ Yoast SEO plugin. -->","yoast_head_json":{"title":"Naksane - Charlotte Design","description":"Identit\u00e9 visuelle et supports de communication pour Naksane, entreprise de services fun\u00e9raires, r\u00e9alis\u00e9e par Charlotte Design \u00e0 Gen\u00e8ve.","robots":{"index":"index","follow":"follow","max-snippet":"max-snippet:-1","max-image-preview":"max-image-preview:large","max-video-preview":"max-video-preview:-1"},"canonical":"https:\/\/charlotteperrotton.com\/?page_id=1536","og_locale":"en_US","og_type":"article","og_title":"Naksane - Charlotte Design","og_description":"Identit\u00e9 visuelle et supports de communication pour Naksane, entreprise de services fun\u00e9raires, r\u00e9alis\u00e9e par Charlotte Design \u00e0 Gen\u00e8ve.","og_url":"https:\/\/charlotteperrotton.com\/?page_id=1536","og_site_name":"Charlotte Design","article_modified_time":"2026-03-02T13:23:18+00:00","og_image":[{"url":"http:\/\/charlotteperrotton.com\/wp-content\/uploads\/2025\/10\/1Naksane@2x-100-scaled.jpg","type":"","width":"","height":""}],"twitter_card":"summary_large_image","twitter_misc":{"Est. reading time":"2 minutes"},"schema":{"@context":"https:\/\/schema.org","@graph":[{"@type":"WebPage","@id":"https:\/\/charlotteperrotton.com\/?page_id=1536","url":"https:\/\/charlotteperrotton.com\/?page_id=1536","name":"Naksane - Charlotte Design","isPartOf":{"@id":"https:\/\/charlotteperrotton.com\/#website"},"primaryImageOfPage":{"@id":"https:\/\/charlotteperrotton.com\/?page_id=1536#primaryimage"},"image":{"@id":"https:\/\/charlotteperrotton.com\/?page_id=1536#primaryimage"},"thumbnailUrl":"http:\/\/charlotteperrotton.com\/wp-content\/uploads\/2025\/10\/1Naksane@2x-100-scaled.jpg","datePublished":"2025-09-09T17:41:41+00:00","dateModified":"2026-03-02T13:23:18+00:00","description":"Identit\u00e9 visuelle et supports de communication pour Naksane, entreprise de services fun\u00e9raires, r\u00e9alis\u00e9e par Charlotte Design \u00e0 Gen\u00e8ve.","breadcrumb":{"@id":"https:\/\/charlotteperrotton.com\/?page_id=1536#breadcrumb"},"inLanguage":"en-US","potentialAction":[{"@type":"ReadAction","target":["https:\/\/charlotteperrotton.com\/?page_id=1536"]}]},{"@type":"ImageObject","inLanguage":"en-US","@id":"https:\/\/charlotteperrotton.com\/?page_id=1536#primaryimage","url":"http:\/\/charlotteperrotton.com\/wp-content\/uploads\/2025\/10\/1Naksane@2x-100-scaled.jpg","contentUrl":"http:\/\/charlotteperrotton.com\/wp-content\/uploads\/2025\/10\/1Naksane@2x-100-scaled.jpg"},{"@type":"BreadcrumbList","@id":"https:\/\/charlotteperrotton.com\/?page_id=1536#breadcrumb","itemListElement":[{"@type":"ListItem","position":1,"name":"Accueil","item":"https:\/\/charlotteperrotton.com\/"},{"@type":"ListItem","position":2,"name":"Naksane"}]},{"@type":"WebSite","@id":"https:\/\/charlotteperrotton.com\/#website","url":"https:\/\/charlotteperrotton.com\/","name":"Charlotte Perrotton Design","description":"Brand Designer","potentialAction":[{"@type":"SearchAction","target":{"@type":"EntryPoint","urlTemplate":"https:\/\/charlotteperrotton.com\/?s={search_term_string}"},"query-input":{"@type":"PropertyValueSpecification","valueRequired":true,"valueName":"search_term_string"}}],"inLanguage":"en-US"}]}},"_links":{"self":[{"href":"https:\/\/charlotteperrotton.com\/index.php?rest_route=\/wp\/v2\/pages\/1536","targetHints":{"allow":["GET"]}}],"collection":[{"href":"https:\/\/charlotteperrotton.com\/index.php?rest_route=\/wp\/v2\/pages"}],"about":[{"href":"https:\/\/charlotteperrotton.com\/index.php?rest_route=\/wp\/v2\/types\/page"}],"author":[{"embeddable":true,"href":"https:\/\/charlotteperrotton.com\/index.php?rest_route=\/wp\/v2\/users\/1"}],"replies":[{"embeddable":true,"href":"https:\/\/charlotteperrotton.com\/index.php?rest_route=%2Fwp%2Fv2%2Fcomments&post=1536"}],"version-history":[{"count":40,"href":"https:\/\/charlotteperrotton.com\/index.php?rest_route=\/wp\/v2\/pages\/1536\/revisions"}],"predecessor-version":[{"id":1669,"href":"https:\/\/charlotteperrotton.com\/index.php?rest_route=\/wp\/v2\/pages\/1536\/revisions\/1669"}],"wp:attachment":[{"href":"https:\/\/charlotteperrotton.com\/index.php?rest_route=%2Fwp%2Fv2%2Fmedia&parent=1536"}],"curies":[{"name":"wp","href":"https:\/\/api.w.org\/{rel}","templated":true}]}}