{"id":1921,"date":"2026-02-23T16:06:23","date_gmt":"2026-02-23T15:06:23","guid":{"rendered":"https:\/\/charlotteperrotton.com\/?page_id=1921"},"modified":"2026-03-02T14:17:45","modified_gmt":"2026-03-02T13:17:45","slug":"oya-greek-food","status":"publish","type":"page","link":"https:\/\/charlotteperrotton.com\/?page_id=1921","title":{"rendered":"OYA Greek Food"},"content":{"rendered":"\t\t<div data-elementor-type=\"wp-page\" data-elementor-id=\"1921\" class=\"elementor elementor-1921\" data-elementor-post-type=\"page\">\n\t\t\t\t<div class=\"elementor-element elementor-element-7c92af94 e-flex e-con-boxed e-con e-parent\" data-id=\"7c92af94\" data-element_type=\"container\" data-settings=\"{&quot;background_background&quot;:&quot;classic&quot;}\">\n\t\t\t\t\t<div class=\"e-con-inner\">\n\t\t\t\t\t<\/div>\n\t\t\t\t<\/div>\n\t\t<div class=\"elementor-element elementor-element-7df0f7d e-flex e-con-boxed e-con e-parent\" data-id=\"7df0f7d\" data-element_type=\"container\" data-settings=\"{&quot;background_background&quot;:&quot;classic&quot;}\">\n\t\t\t\t\t<div class=\"e-con-inner\">\n\t\t<div class=\"elementor-element elementor-element-1aec9ae5 e-con-full e-flex e-con e-child\" data-id=\"1aec9ae5\" data-element_type=\"container\">\n\t\t\t\t<div class=\"elementor-element elementor-element-64704bb9 elementor-widget elementor-widget-text-editor\" data-id=\"64704bb9\" data-element_type=\"widget\" data-widget_type=\"text-editor.default\">\n\t\t\t\t<div class=\"elementor-widget-container\">\n\t\t\t\t\t\t\t<p>Cr\u00e9ation d\u2019identit\u00e9 visuelle &amp; site internet<\/p>\t\t\t\t\t\t<\/div>\n\t\t\t\t<\/div>\n\t\t\t\t<div class=\"elementor-element elementor-element-84f086f elementor-widget elementor-widget-text-editor\" data-id=\"84f086f\" data-element_type=\"widget\" data-widget_type=\"text-editor.default\">\n\t\t\t\t<div class=\"elementor-widget-container\">\n\t\t\t\t\t\t\t<p data-pm-slice=\"1 1 []\">OYA est un restaurant de street food grecque contemporaine.<\/p><p>L\u2019objectif \u00e9tait de concevoir une identit\u00e9 forte, solaire et imm\u00e9diatement reconnaissable, m\u00ealant r\u00e9f\u00e9rences antiques et modernit\u00e9 graphique.<\/p><p>La direction artistique s\u2019appuie sur une palette bleu \u00c9g\u00e9e et jaune solaire, des illustrations inspir\u00e9es de la culture grecque (sculptures, amphores, olives, citron, poulpe) et un logotype dynamique pens\u00e9 pour fonctionner sur tous les supports.<\/p><p><strong>Le projet comprend :<\/strong><\/p><p>\u2013 Cr\u00e9ation du logo et de la charte graphique<\/p><p><span style=\"text-align: var(--text-align); font-size: 1rem;\">\u2013 Illustrations sur-mesure<\/span><\/p><p>\u2013 D\u00e9clinaison print (menus, cartes de visite, supports promotionnels)<\/p><p>\u2013 Enseigne &amp; fa\u00e7ade<\/p><p>\u2013 Cr\u00e9ation du site internet<\/p><p>\u2013 R\u00e9seaux sociaux<\/p><p>Une identit\u00e9 coh\u00e9rente et immersive, d\u00e9ploy\u00e9e sur l\u2019ensemble des points de contact pour installer une marque forte et m\u00e9morisable.<\/p>\t\t\t\t\t\t<\/div>\n\t\t\t\t<\/div>\n\t\t\t\t<\/div>\n\t\t<div class=\"elementor-element elementor-element-5285186a e-con-full e-flex e-con e-child\" data-id=\"5285186a\" data-element_type=\"container\">\n\t\t\t\t<\/div>\n\t\t\t\t\t<\/div>\n\t\t\t\t<\/div>\n\t\t<div class=\"elementor-element elementor-element-dc75a7e e-flex e-con-boxed e-con e-parent\" data-id=\"dc75a7e\" data-element_type=\"container\">\n\t\t\t\t\t<div class=\"e-con-inner\">\n\t\t<div class=\"elementor-element elementor-element-539d1f2 e-con-full e-flex e-con e-child\" data-id=\"539d1f2\" data-element_type=\"container\">\n\t\t\t\t<div class=\"elementor-element elementor-element-e9c0c3d elementor-widget elementor-widget-image\" data-id=\"e9c0c3d\" data-element_type=\"widget\" data-widget_type=\"image.default\">\n\t\t\t\t<div class=\"elementor-widget-container\">\n\t\t\t\t\t\t\t\t\t\t\t\t\t<img fetchpriority=\"high\" decoding=\"async\" width=\"1728\" height=\"2479\" src=\"https:\/\/charlotteperrotton.com\/wp-content\/uploads\/2026\/02\/OYA_Brand-1.jpg\" class=\"attachment-full size-full wp-image-1937\" alt=\"\" srcset=\"https:\/\/charlotteperrotton.com\/wp-content\/uploads\/2026\/02\/OYA_Brand-1.jpg 1728w, https:\/\/charlotteperrotton.com\/wp-content\/uploads\/2026\/02\/OYA_Brand-1-209x300.jpg 209w, https:\/\/charlotteperrotton.com\/wp-content\/uploads\/2026\/02\/OYA_Brand-1-714x1024.jpg 714w, https:\/\/charlotteperrotton.com\/wp-content\/uploads\/2026\/02\/OYA_Brand-1-768x1102.jpg 768w, https:\/\/charlotteperrotton.com\/wp-content\/uploads\/2026\/02\/OYA_Brand-1-1071x1536.jpg 1071w, https:\/\/charlotteperrotton.com\/wp-content\/uploads\/2026\/02\/OYA_Brand-1-1428x2048.jpg 1428w\" sizes=\"(max-width: 1728px) 100vw, 1728px\" \/>\t\t\t\t\t\t\t\t\t\t\t\t\t<\/div>\n\t\t\t\t<\/div>\n\t\t\t\t<\/div>\n\t\t<div class=\"elementor-element elementor-element-ad930ea e-con-full e-flex e-con e-child\" data-id=\"ad930ea\" data-element_type=\"container\">\n\t\t<div class=\"elementor-element elementor-element-f156e6c e-con-full e-flex e-con e-child\" data-id=\"f156e6c\" data-element_type=\"container\">\n\t\t\t\t<div class=\"elementor-element elementor-element-b983f17 elementor-widget elementor-widget-image\" data-id=\"b983f17\" data-element_type=\"widget\" data-widget_type=\"image.default\">\n\t\t\t\t<div class=\"elementor-widget-container\">\n\t\t\t\t\t\t\t\t\t\t\t\t\t<img decoding=\"async\" width=\"800\" height=\"493\" src=\"https:\/\/charlotteperrotton.com\/wp-content\/uploads\/2026\/02\/Artboard-45@2x-100-1-1024x631.jpg\" class=\"attachment-large size-large wp-image-1950\" alt=\"\" srcset=\"https:\/\/charlotteperrotton.com\/wp-content\/uploads\/2026\/02\/Artboard-45@2x-100-1-1024x631.jpg 1024w, https:\/\/charlotteperrotton.com\/wp-content\/uploads\/2026\/02\/Artboard-45@2x-100-1-300x185.jpg 300w, https:\/\/charlotteperrotton.com\/wp-content\/uploads\/2026\/02\/Artboard-45@2x-100-1-768x474.jpg 768w, https:\/\/charlotteperrotton.com\/wp-content\/uploads\/2026\/02\/Artboard-45@2x-100-1-1536x947.jpg 1536w, https:\/\/charlotteperrotton.com\/wp-content\/uploads\/2026\/02\/Artboard-45@2x-100-1-2048x1263.jpg 2048w\" sizes=\"(max-width: 800px) 100vw, 800px\" \/>\t\t\t\t\t\t\t\t\t\t\t\t\t<\/div>\n\t\t\t\t<\/div>\n\t\t\t\t<\/div>\n\t\t<div class=\"elementor-element elementor-element-e5989a7 e-con-full e-flex e-con e-child\" data-id=\"e5989a7\" data-element_type=\"container\">\n\t\t\t\t<div class=\"elementor-element elementor-element-bea4288 elementor-widget elementor-widget-image\" data-id=\"bea4288\" data-element_type=\"widget\" data-widget_type=\"image.default\">\n\t\t\t\t<div class=\"elementor-widget-container\">\n\t\t\t\t\t\t\t\t\t\t\t\t\t<img decoding=\"async\" width=\"800\" height=\"493\" src=\"https:\/\/charlotteperrotton.com\/wp-content\/uploads\/2026\/02\/Artboard-45-copy@2x-100-1024x631.jpg\" class=\"attachment-large size-large wp-image-1949\" alt=\"\" srcset=\"https:\/\/charlotteperrotton.com\/wp-content\/uploads\/2026\/02\/Artboard-45-copy@2x-100-1024x631.jpg 1024w, https:\/\/charlotteperrotton.com\/wp-content\/uploads\/2026\/02\/Artboard-45-copy@2x-100-300x185.jpg 300w, https:\/\/charlotteperrotton.com\/wp-content\/uploads\/2026\/02\/Artboard-45-copy@2x-100-768x474.jpg 768w, https:\/\/charlotteperrotton.com\/wp-content\/uploads\/2026\/02\/Artboard-45-copy@2x-100-1536x947.jpg 1536w, https:\/\/charlotteperrotton.com\/wp-content\/uploads\/2026\/02\/Artboard-45-copy@2x-100-2048x1263.jpg 2048w\" sizes=\"(max-width: 800px) 100vw, 800px\" \/>\t\t\t\t\t\t\t\t\t\t\t\t\t<\/div>\n\t\t\t\t<\/div>\n\t\t\t\t<\/div>\n\t\t<div class=\"elementor-element elementor-element-fee02e4 e-con-full e-flex e-con e-child\" data-id=\"fee02e4\" data-element_type=\"container\">\n\t\t\t\t<div class=\"elementor-element elementor-element-8f03abb elementor-widget elementor-widget-image\" data-id=\"8f03abb\" data-element_type=\"widget\" data-widget_type=\"image.default\">\n\t\t\t\t<div class=\"elementor-widget-container\">\n\t\t\t\t\t\t\t\t\t\t\t\t\t<img loading=\"lazy\" decoding=\"async\" width=\"800\" height=\"533\" src=\"https:\/\/charlotteperrotton.com\/wp-content\/uploads\/2026\/02\/Image-terrasse-1.png\" class=\"attachment-large size-large wp-image-1934\" alt=\"\" srcset=\"https:\/\/charlotteperrotton.com\/wp-content\/uploads\/2026\/02\/Image-terrasse-1.png 1000w, https:\/\/charlotteperrotton.com\/wp-content\/uploads\/2026\/02\/Image-terrasse-1-300x200.png 300w, https:\/\/charlotteperrotton.com\/wp-content\/uploads\/2026\/02\/Image-terrasse-1-768x511.png 768w\" sizes=\"(max-width: 800px) 100vw, 800px\" \/>\t\t\t\t\t\t\t\t\t\t\t\t\t<\/div>\n\t\t\t\t<\/div>\n\t\t\t\t<\/div>\n\t\t\t\t<\/div>\n\t\t\t\t\t<\/div>\n\t\t\t\t<\/div>\n\t\t<div class=\"elementor-element elementor-element-563eaa2 e-con-full e-flex e-con e-parent\" data-id=\"563eaa2\" data-element_type=\"container\">\n\t\t\t\t<div class=\"elementor-element elementor-element-5dafddb elementor-widget elementor-widget-image\" data-id=\"5dafddb\" data-element_type=\"widget\" data-widget_type=\"image.default\">\n\t\t\t\t<div class=\"elementor-widget-container\">\n\t\t\t\t\t\t\t\t\t\t\t\t\t<img loading=\"lazy\" decoding=\"async\" width=\"2560\" height=\"571\" src=\"https:\/\/charlotteperrotton.com\/wp-content\/uploads\/2026\/02\/Icones@2x-100-scaled.jpg\" class=\"attachment-full size-full wp-image-1943\" alt=\"\" srcset=\"https:\/\/charlotteperrotton.com\/wp-content\/uploads\/2026\/02\/Icones@2x-100-scaled.jpg 2560w, https:\/\/charlotteperrotton.com\/wp-content\/uploads\/2026\/02\/Icones@2x-100-300x67.jpg 300w, https:\/\/charlotteperrotton.com\/wp-content\/uploads\/2026\/02\/Icones@2x-100-1024x228.jpg 1024w, https:\/\/charlotteperrotton.com\/wp-content\/uploads\/2026\/02\/Icones@2x-100-768x171.jpg 768w, https:\/\/charlotteperrotton.com\/wp-content\/uploads\/2026\/02\/Icones@2x-100-1536x342.jpg 1536w, https:\/\/charlotteperrotton.com\/wp-content\/uploads\/2026\/02\/Icones@2x-100-2048x456.jpg 2048w\" sizes=\"(max-width: 2560px) 100vw, 2560px\" \/>\t\t\t\t\t\t\t\t\t\t\t\t\t<\/div>\n\t\t\t\t<\/div>\n\t\t\t\t<\/div>\n\t\t<div class=\"elementor-element elementor-element-9cdbbf9 e-flex e-con-boxed e-con e-parent\" data-id=\"9cdbbf9\" data-element_type=\"container\">\n\t\t\t\t\t<div class=\"e-con-inner\">\n\t\t<div class=\"elementor-element elementor-element-cab15b0 e-con-full e-flex e-con e-child\" data-id=\"cab15b0\" data-element_type=\"container\">\n\t\t\t\t<div class=\"elementor-element elementor-element-531006c elementor-widget elementor-widget-image\" data-id=\"531006c\" data-element_type=\"widget\" data-widget_type=\"image.default\">\n\t\t\t\t<div class=\"elementor-widget-container\">\n\t\t\t\t\t\t\t\t\t\t\t\t\t<img loading=\"lazy\" decoding=\"async\" width=\"800\" height=\"517\" src=\"https:\/\/charlotteperrotton.com\/wp-content\/uploads\/2026\/02\/Image-salle-2-1024x662.jpg\" class=\"attachment-large size-large wp-image-1981\" alt=\"\" srcset=\"https:\/\/charlotteperrotton.com\/wp-content\/uploads\/2026\/02\/Image-salle-2-1024x662.jpg 1024w, https:\/\/charlotteperrotton.com\/wp-content\/uploads\/2026\/02\/Image-salle-2-300x194.jpg 300w, https:\/\/charlotteperrotton.com\/wp-content\/uploads\/2026\/02\/Image-salle-2-768x497.jpg 768w, https:\/\/charlotteperrotton.com\/wp-content\/uploads\/2026\/02\/Image-salle-2-1536x993.jpg 1536w, https:\/\/charlotteperrotton.com\/wp-content\/uploads\/2026\/02\/Image-salle-2.jpg 2000w\" sizes=\"(max-width: 800px) 100vw, 800px\" \/>\t\t\t\t\t\t\t\t\t\t\t\t\t<\/div>\n\t\t\t\t<\/div>\n\t\t\t\t<\/div>\n\t\t<div class=\"elementor-element elementor-element-d95e049 e-con-full e-flex e-con e-child\" data-id=\"d95e049\" data-element_type=\"container\">\n\t\t\t\t<div class=\"elementor-element elementor-element-07ac887 elementor-widget elementor-widget-image\" data-id=\"07ac887\" data-element_type=\"widget\" data-widget_type=\"image.default\">\n\t\t\t\t<div class=\"elementor-widget-container\">\n\t\t\t\t\t\t\t\t\t\t\t\t\t<img loading=\"lazy\" decoding=\"async\" width=\"800\" height=\"509\" src=\"https:\/\/charlotteperrotton.com\/wp-content\/uploads\/2026\/02\/OYA_2-1024x652.jpg\" class=\"attachment-large size-large wp-image-1928\" alt=\"\" srcset=\"https:\/\/charlotteperrotton.com\/wp-content\/uploads\/2026\/02\/OYA_2-1024x652.jpg 1024w, https:\/\/charlotteperrotton.com\/wp-content\/uploads\/2026\/02\/OYA_2-300x191.jpg 300w, https:\/\/charlotteperrotton.com\/wp-content\/uploads\/2026\/02\/OYA_2-768x489.jpg 768w, https:\/\/charlotteperrotton.com\/wp-content\/uploads\/2026\/02\/OYA_2-1536x977.jpg 1536w, https:\/\/charlotteperrotton.com\/wp-content\/uploads\/2026\/02\/OYA_2.jpg 1820w\" sizes=\"(max-width: 800px) 100vw, 800px\" \/>\t\t\t\t\t\t\t\t\t\t\t\t\t<\/div>\n\t\t\t\t<\/div>\n\t\t\t\t<\/div>\n\t\t<div class=\"elementor-element elementor-element-8e99498 e-con-full e-flex e-con e-child\" data-id=\"8e99498\" data-element_type=\"container\">\n\t\t\t\t<div class=\"elementor-element elementor-element-687d376 elementor-widget elementor-widget-image\" data-id=\"687d376\" data-element_type=\"widget\" data-widget_type=\"image.default\">\n\t\t\t\t<div class=\"elementor-widget-container\">\n\t\t\t\t\t\t\t\t\t\t\t\t\t<img loading=\"lazy\" decoding=\"async\" width=\"2560\" height=\"1707\" src=\"https:\/\/charlotteperrotton.com\/wp-content\/uploads\/2026\/02\/Menu_2-scaled.png\" class=\"attachment-full size-full wp-image-1993\" alt=\"\" srcset=\"https:\/\/charlotteperrotton.com\/wp-content\/uploads\/2026\/02\/Menu_2-scaled.png 2560w, https:\/\/charlotteperrotton.com\/wp-content\/uploads\/2026\/02\/Menu_2-300x200.png 300w, https:\/\/charlotteperrotton.com\/wp-content\/uploads\/2026\/02\/Menu_2-1024x683.png 1024w, https:\/\/charlotteperrotton.com\/wp-content\/uploads\/2026\/02\/Menu_2-768x512.png 768w, https:\/\/charlotteperrotton.com\/wp-content\/uploads\/2026\/02\/Menu_2-1536x1024.png 1536w, https:\/\/charlotteperrotton.com\/wp-content\/uploads\/2026\/02\/Menu_2-2048x1365.png 2048w\" sizes=\"(max-width: 2560px) 100vw, 2560px\" \/>\t\t\t\t\t\t\t\t\t\t\t\t\t<\/div>\n\t\t\t\t<\/div>\n\t\t\t\t<\/div>\n\t\t\t\t\t<\/div>\n\t\t\t\t<\/div>\n\t\t<div class=\"elementor-element elementor-element-d6751e2 e-flex e-con-boxed e-con e-parent\" data-id=\"d6751e2\" data-element_type=\"container\">\n\t\t\t\t\t<div class=\"e-con-inner\">\n\t\t<div class=\"elementor-element elementor-element-3fea724 e-con-full e-flex e-con e-child\" data-id=\"3fea724\" data-element_type=\"container\">\n\t\t\t\t<div class=\"elementor-element elementor-element-e93fd90 elementor-widget elementor-widget-image\" data-id=\"e93fd90\" data-element_type=\"widget\" data-widget_type=\"image.default\">\n\t\t\t\t<div class=\"elementor-widget-container\">\n\t\t\t\t\t\t\t\t\t\t\t\t\t<img loading=\"lazy\" decoding=\"async\" width=\"800\" height=\"600\" src=\"https:\/\/charlotteperrotton.com\/wp-content\/uploads\/2026\/02\/Business_Card_Mockup_1-bis.png\" class=\"attachment-large size-large wp-image-2115\" alt=\"\" srcset=\"https:\/\/charlotteperrotton.com\/wp-content\/uploads\/2026\/02\/Business_Card_Mockup_1-bis.png 1000w, https:\/\/charlotteperrotton.com\/wp-content\/uploads\/2026\/02\/Business_Card_Mockup_1-bis-300x225.png 300w, https:\/\/charlotteperrotton.com\/wp-content\/uploads\/2026\/02\/Business_Card_Mockup_1-bis-768x576.png 768w\" sizes=\"(max-width: 800px) 100vw, 800px\" \/>\t\t\t\t\t\t\t\t\t\t\t\t\t<\/div>\n\t\t\t\t<\/div>\n\t\t\t\t<\/div>\n\t\t<div class=\"elementor-element elementor-element-0cc5fff e-con-full e-flex e-con e-child\" data-id=\"0cc5fff\" data-element_type=\"container\">\n\t\t\t\t<div class=\"elementor-element elementor-element-fc6ca07 elementor-widget elementor-widget-image\" data-id=\"fc6ca07\" data-element_type=\"widget\" data-widget_type=\"image.default\">\n\t\t\t\t<div class=\"elementor-widget-container\">\n\t\t\t\t\t\t\t\t\t\t\t\t\t<img loading=\"lazy\" decoding=\"async\" width=\"800\" height=\"602\" src=\"https:\/\/charlotteperrotton.com\/wp-content\/uploads\/2026\/02\/Business_Card_Mockup_2-bis-1.png\" class=\"attachment-large size-large wp-image-2117\" alt=\"\" srcset=\"https:\/\/charlotteperrotton.com\/wp-content\/uploads\/2026\/02\/Business_Card_Mockup_2-bis-1.png 1000w, https:\/\/charlotteperrotton.com\/wp-content\/uploads\/2026\/02\/Business_Card_Mockup_2-bis-1-300x226.png 300w, https:\/\/charlotteperrotton.com\/wp-content\/uploads\/2026\/02\/Business_Card_Mockup_2-bis-1-768x578.png 768w\" sizes=\"(max-width: 800px) 100vw, 800px\" \/>\t\t\t\t\t\t\t\t\t\t\t\t\t<\/div>\n\t\t\t\t<\/div>\n\t\t\t\t<\/div>\n\t\t\t\t\t<\/div>\n\t\t\t\t<\/div>\n\t\t<div class=\"elementor-element elementor-element-76d3f023 e-flex e-con-boxed e-con e-parent\" data-id=\"76d3f023\" data-element_type=\"container\" data-settings=\"{&quot;background_background&quot;:&quot;classic&quot;}\">\n\t\t\t\t\t<div class=\"e-con-inner\">\n\t\t<div class=\"elementor-element elementor-element-1cea9d92 e-flex e-con-boxed e-con e-child\" data-id=\"1cea9d92\" data-element_type=\"container\">\n\t\t\t\t\t<div class=\"e-con-inner\">\n\t\t\t\t<div class=\"elementor-element elementor-element-11ca2d25 elementor-widget elementor-widget-heading\" data-id=\"11ca2d25\" data-element_type=\"widget\" data-widget_type=\"heading.default\">\n\t\t\t\t<div class=\"elementor-widget-container\">\n\t\t\t<h2 class=\"elementor-heading-title elementor-size-default\">Faites vivre votre marque. \u00c9changeons sur votre projet.<\/h2>\t\t<\/div>\n\t\t\t\t<\/div>\n\t\t\t\t<div class=\"elementor-element elementor-element-2f033eb3 elementor-widget elementor-widget-text-editor\" data-id=\"2f033eb3\" data-element_type=\"widget\" data-widget_type=\"text-editor.default\">\n\t\t\t\t<div class=\"elementor-widget-container\">\n\t\t\t\t\t\t\t<p>Envie de sublimer votre image ou cr\u00e9er un univers qui vous ressemble ?<br data-start=\"387\" data-end=\"390\" \/>Je vous accompagne pour transformer vos id\u00e9es en exp\u00e9riences visuelles uniques.<\/p>\t\t\t\t\t\t<\/div>\n\t\t\t\t<\/div>\n\t\t\t\t<div class=\"elementor-element elementor-element-5dd29424 elementor-mobile-align-center elementor-align-center elementor-widget elementor-widget-button\" data-id=\"5dd29424\" data-element_type=\"widget\" data-widget_type=\"button.default\">\n\t\t\t\t<div class=\"elementor-widget-container\">\n\t\t\t\t\t<div class=\"elementor-button-wrapper\">\n\t\t\t<a class=\"elementor-button elementor-button-link elementor-size-sm\" href=\"https:\/\/charlotteperrotton.com\/?page_id=35\">\n\t\t\t\t\t\t<span class=\"elementor-button-content-wrapper\">\n\t\t\t\t\t\t\t\t\t<span class=\"elementor-button-text\">Discutons de v\u00f4tre projet !<\/span>\n\t\t\t\t\t<\/span>\n\t\t\t\t\t<\/a>\n\t\t<\/div>\n\t\t\t\t<\/div>\n\t\t\t\t<\/div>\n\t\t\t\t\t<\/div>\n\t\t\t\t<\/div>\n\t\t\t\t\t<\/div>\n\t\t\t\t<\/div>\n\t\t\t\t<\/div>\n\t\t","protected":false},"excerpt":{"rendered":"<p>Cr\u00e9ation d\u2019identit\u00e9 visuelle &amp; site internet OYA est un restaurant de street food grecque contemporaine. L\u2019objectif \u00e9tait de concevoir une identit\u00e9 forte, solaire et imm\u00e9diatement reconnaissable, m\u00ealant r\u00e9f\u00e9rences antiques et modernit\u00e9 graphique. La direction artistique s\u2019appuie sur une palette bleu \u00c9g\u00e9e et jaune solaire, des illustrations inspir\u00e9es de la culture grecque (sculptures, amphores, olives, citron, [&hellip;]<\/p>\n","protected":false},"author":1,"featured_media":0,"parent":0,"menu_order":0,"comment_status":"closed","ping_status":"closed","template":"","meta":{"footnotes":""},"class_list":["post-1921","page","type-page","status-publish","hentry"],"yoast_head":"<!-- This site is optimized with the Yoast SEO plugin v25.9 - https:\/\/yoast.com\/wordpress\/plugins\/seo\/ -->\n<title>OYA Greek Food - Charlotte Design<\/title>\n<meta name=\"description\" content=\"Identit\u00e9 visuelle et site internet pour OYA, restaurant de street food grecque. Projet de branding r\u00e9alis\u00e9 par Charlotte Design, \u00e0 Gen\u00e8ve.\" \/>\n<meta name=\"robots\" content=\"index, follow, max-snippet:-1, max-image-preview:large, max-video-preview:-1\" \/>\n<link rel=\"canonical\" href=\"https:\/\/charlotteperrotton.com\/?page_id=1921\" \/>\n<meta property=\"og:locale\" content=\"en_US\" \/>\n<meta property=\"og:type\" content=\"article\" \/>\n<meta property=\"og:title\" content=\"OYA Greek Food - Charlotte Design\" \/>\n<meta property=\"og:description\" content=\"Identit\u00e9 visuelle et site internet pour OYA, restaurant de street food grecque. Projet de branding r\u00e9alis\u00e9 par Charlotte Design, \u00e0 Gen\u00e8ve.\" \/>\n<meta property=\"og:url\" content=\"https:\/\/charlotteperrotton.com\/?page_id=1921\" \/>\n<meta property=\"og:site_name\" content=\"Charlotte Design\" \/>\n<meta property=\"article:modified_time\" content=\"2026-03-02T13:17:45+00:00\" \/>\n<meta property=\"og:image\" content=\"http:\/\/charlotteperrotton.com\/wp-content\/uploads\/2026\/02\/OYA_Brand-1.jpg\" \/>\n<meta name=\"twitter:card\" content=\"summary_large_image\" \/>\n<meta name=\"twitter:label1\" content=\"Est. reading time\" \/>\n\t<meta name=\"twitter:data1\" content=\"3 minutes\" \/>\n<script type=\"application\/ld+json\" class=\"yoast-schema-graph\">{\"@context\":\"https:\/\/schema.org\",\"@graph\":[{\"@type\":\"WebPage\",\"@id\":\"https:\/\/charlotteperrotton.com\/?page_id=1921\",\"url\":\"https:\/\/charlotteperrotton.com\/?page_id=1921\",\"name\":\"OYA Greek Food - Charlotte Design\",\"isPartOf\":{\"@id\":\"https:\/\/charlotteperrotton.com\/#website\"},\"primaryImageOfPage\":{\"@id\":\"https:\/\/charlotteperrotton.com\/?page_id=1921#primaryimage\"},\"image\":{\"@id\":\"https:\/\/charlotteperrotton.com\/?page_id=1921#primaryimage\"},\"thumbnailUrl\":\"http:\/\/charlotteperrotton.com\/wp-content\/uploads\/2026\/02\/OYA_Brand-1.jpg\",\"datePublished\":\"2026-02-23T15:06:23+00:00\",\"dateModified\":\"2026-03-02T13:17:45+00:00\",\"description\":\"Identit\u00e9 visuelle et site internet pour OYA, restaurant de street food grecque. Projet de branding r\u00e9alis\u00e9 par Charlotte Design, \u00e0 Gen\u00e8ve.\",\"breadcrumb\":{\"@id\":\"https:\/\/charlotteperrotton.com\/?page_id=1921#breadcrumb\"},\"inLanguage\":\"en-US\",\"potentialAction\":[{\"@type\":\"ReadAction\",\"target\":[\"https:\/\/charlotteperrotton.com\/?page_id=1921\"]}]},{\"@type\":\"ImageObject\",\"inLanguage\":\"en-US\",\"@id\":\"https:\/\/charlotteperrotton.com\/?page_id=1921#primaryimage\",\"url\":\"http:\/\/charlotteperrotton.com\/wp-content\/uploads\/2026\/02\/OYA_Brand-1.jpg\",\"contentUrl\":\"http:\/\/charlotteperrotton.com\/wp-content\/uploads\/2026\/02\/OYA_Brand-1.jpg\"},{\"@type\":\"BreadcrumbList\",\"@id\":\"https:\/\/charlotteperrotton.com\/?page_id=1921#breadcrumb\",\"itemListElement\":[{\"@type\":\"ListItem\",\"position\":1,\"name\":\"Accueil\",\"item\":\"https:\/\/charlotteperrotton.com\/\"},{\"@type\":\"ListItem\",\"position\":2,\"name\":\"OYA Greek Food\"}]},{\"@type\":\"WebSite\",\"@id\":\"https:\/\/charlotteperrotton.com\/#website\",\"url\":\"https:\/\/charlotteperrotton.com\/\",\"name\":\"Charlotte Perrotton Design\",\"description\":\"Brand Designer\",\"potentialAction\":[{\"@type\":\"SearchAction\",\"target\":{\"@type\":\"EntryPoint\",\"urlTemplate\":\"https:\/\/charlotteperrotton.com\/?s={search_term_string}\"},\"query-input\":{\"@type\":\"PropertyValueSpecification\",\"valueRequired\":true,\"valueName\":\"search_term_string\"}}],\"inLanguage\":\"en-US\"}]}<\/script>\n<!-- \/ Yoast SEO plugin. -->","yoast_head_json":{"title":"OYA Greek Food - Charlotte Design","description":"Identit\u00e9 visuelle et site internet pour OYA, restaurant de street food grecque. Projet de branding r\u00e9alis\u00e9 par Charlotte Design, \u00e0 Gen\u00e8ve.","robots":{"index":"index","follow":"follow","max-snippet":"max-snippet:-1","max-image-preview":"max-image-preview:large","max-video-preview":"max-video-preview:-1"},"canonical":"https:\/\/charlotteperrotton.com\/?page_id=1921","og_locale":"en_US","og_type":"article","og_title":"OYA Greek Food - Charlotte Design","og_description":"Identit\u00e9 visuelle et site internet pour OYA, restaurant de street food grecque. Projet de branding r\u00e9alis\u00e9 par Charlotte Design, \u00e0 Gen\u00e8ve.","og_url":"https:\/\/charlotteperrotton.com\/?page_id=1921","og_site_name":"Charlotte Design","article_modified_time":"2026-03-02T13:17:45+00:00","og_image":[{"url":"http:\/\/charlotteperrotton.com\/wp-content\/uploads\/2026\/02\/OYA_Brand-1.jpg","type":"","width":"","height":""}],"twitter_card":"summary_large_image","twitter_misc":{"Est. reading time":"3 minutes"},"schema":{"@context":"https:\/\/schema.org","@graph":[{"@type":"WebPage","@id":"https:\/\/charlotteperrotton.com\/?page_id=1921","url":"https:\/\/charlotteperrotton.com\/?page_id=1921","name":"OYA Greek Food - Charlotte Design","isPartOf":{"@id":"https:\/\/charlotteperrotton.com\/#website"},"primaryImageOfPage":{"@id":"https:\/\/charlotteperrotton.com\/?page_id=1921#primaryimage"},"image":{"@id":"https:\/\/charlotteperrotton.com\/?page_id=1921#primaryimage"},"thumbnailUrl":"http:\/\/charlotteperrotton.com\/wp-content\/uploads\/2026\/02\/OYA_Brand-1.jpg","datePublished":"2026-02-23T15:06:23+00:00","dateModified":"2026-03-02T13:17:45+00:00","description":"Identit\u00e9 visuelle et site internet pour OYA, restaurant de street food grecque. Projet de branding r\u00e9alis\u00e9 par Charlotte Design, \u00e0 Gen\u00e8ve.","breadcrumb":{"@id":"https:\/\/charlotteperrotton.com\/?page_id=1921#breadcrumb"},"inLanguage":"en-US","potentialAction":[{"@type":"ReadAction","target":["https:\/\/charlotteperrotton.com\/?page_id=1921"]}]},{"@type":"ImageObject","inLanguage":"en-US","@id":"https:\/\/charlotteperrotton.com\/?page_id=1921#primaryimage","url":"http:\/\/charlotteperrotton.com\/wp-content\/uploads\/2026\/02\/OYA_Brand-1.jpg","contentUrl":"http:\/\/charlotteperrotton.com\/wp-content\/uploads\/2026\/02\/OYA_Brand-1.jpg"},{"@type":"BreadcrumbList","@id":"https:\/\/charlotteperrotton.com\/?page_id=1921#breadcrumb","itemListElement":[{"@type":"ListItem","position":1,"name":"Accueil","item":"https:\/\/charlotteperrotton.com\/"},{"@type":"ListItem","position":2,"name":"OYA Greek Food"}]},{"@type":"WebSite","@id":"https:\/\/charlotteperrotton.com\/#website","url":"https:\/\/charlotteperrotton.com\/","name":"Charlotte Perrotton Design","description":"Brand Designer","potentialAction":[{"@type":"SearchAction","target":{"@type":"EntryPoint","urlTemplate":"https:\/\/charlotteperrotton.com\/?s={search_term_string}"},"query-input":{"@type":"PropertyValueSpecification","valueRequired":true,"valueName":"search_term_string"}}],"inLanguage":"en-US"}]}},"_links":{"self":[{"href":"https:\/\/charlotteperrotton.com\/index.php?rest_route=\/wp\/v2\/pages\/1921","targetHints":{"allow":["GET"]}}],"collection":[{"href":"https:\/\/charlotteperrotton.com\/index.php?rest_route=\/wp\/v2\/pages"}],"about":[{"href":"https:\/\/charlotteperrotton.com\/index.php?rest_route=\/wp\/v2\/types\/page"}],"author":[{"embeddable":true,"href":"https:\/\/charlotteperrotton.com\/index.php?rest_route=\/wp\/v2\/users\/1"}],"replies":[{"embeddable":true,"href":"https:\/\/charlotteperrotton.com\/index.php?rest_route=%2Fwp%2Fv2%2Fcomments&post=1921"}],"version-history":[{"count":59,"href":"https:\/\/charlotteperrotton.com\/index.php?rest_route=\/wp\/v2\/pages\/1921\/revisions"}],"predecessor-version":[{"id":2400,"href":"https:\/\/charlotteperrotton.com\/index.php?rest_route=\/wp\/v2\/pages\/1921\/revisions\/2400"}],"wp:attachment":[{"href":"https:\/\/charlotteperrotton.com\/index.php?rest_route=%2Fwp%2Fv2%2Fmedia&parent=1921"}],"curies":[{"name":"wp","href":"https:\/\/api.w.org\/{rel}","templated":true}]}}