{"id":371,"date":"2024-07-02T11:59:49","date_gmt":"2024-07-02T09:59:49","guid":{"rendered":"https:\/\/charlotteperrotton.com\/?page_id=371"},"modified":"2026-03-02T14:13:08","modified_gmt":"2026-03-02T13:13:08","slug":"service","status":"publish","type":"page","link":"https:\/\/charlotteperrotton.com\/?page_id=371","title":{"rendered":"Services"},"content":{"rendered":"\t\t<div data-elementor-type=\"wp-page\" data-elementor-id=\"371\" class=\"elementor elementor-371\" data-elementor-post-type=\"page\">\n\t\t\t\t<div class=\"elementor-element elementor-element-43d38574 e-flex e-con-boxed e-con e-parent\" data-id=\"43d38574\" data-element_type=\"container\" data-settings=\"{&quot;background_background&quot;:&quot;classic&quot;}\">\n\t\t\t\t\t<div class=\"e-con-inner\">\n\t\t\t\t<div class=\"elementor-element elementor-element-6f2b95d5 elementor-widget elementor-widget-heading\" data-id=\"6f2b95d5\" data-element_type=\"widget\" data-widget_type=\"heading.default\">\n\t\t\t\t<div class=\"elementor-widget-container\">\n\t\t\t<h1 class=\"elementor-heading-title elementor-size-default\">Services<\/h1>\t\t<\/div>\n\t\t\t\t<\/div>\n\t\t\t\t\t<\/div>\n\t\t\t\t<\/div>\n\t\t<div class=\"elementor-element elementor-element-1d092d8 e-flex e-con-boxed e-con e-parent\" data-id=\"1d092d8\" data-element_type=\"container\">\n\t\t\t\t\t<div class=\"e-con-inner\">\n\t\t<div class=\"elementor-element elementor-element-5672a6b e-con-full e-flex e-con e-child\" data-id=\"5672a6b\" data-element_type=\"container\">\n\t\t\t\t<div class=\"elementor-element elementor-element-7242763 elementor-widget elementor-widget-image\" data-id=\"7242763\" data-element_type=\"widget\" data-widget_type=\"image.default\">\n\t\t\t\t<div class=\"elementor-widget-container\">\n\t\t\t\t\t\t\t\t\t\t\t\t\t<img fetchpriority=\"high\" decoding=\"async\" width=\"683\" height=\"1024\" src=\"https:\/\/charlotteperrotton.com\/wp-content\/uploads\/2026\/03\/Images-bloc-services-2-683x1024.png\" class=\"attachment-large size-large wp-image-2310\" alt=\"\" srcset=\"https:\/\/charlotteperrotton.com\/wp-content\/uploads\/2026\/03\/Images-bloc-services-2-683x1024.png 683w, https:\/\/charlotteperrotton.com\/wp-content\/uploads\/2026\/03\/Images-bloc-services-2-200x300.png 200w, https:\/\/charlotteperrotton.com\/wp-content\/uploads\/2026\/03\/Images-bloc-services-2-768x1152.png 768w, https:\/\/charlotteperrotton.com\/wp-content\/uploads\/2026\/03\/Images-bloc-services-2.png 1000w\" sizes=\"(max-width: 683px) 100vw, 683px\" \/>\t\t\t\t\t\t\t\t\t\t\t\t\t<\/div>\n\t\t\t\t<\/div>\n\t\t\t\t<\/div>\n\t\t<div class=\"elementor-element elementor-element-57b98252 e-con-full e-flex e-con e-child\" data-id=\"57b98252\" data-element_type=\"container\">\n\t\t\t\t<div class=\"elementor-element elementor-element-5ee5f5cd elementor-widget elementor-widget-heading\" data-id=\"5ee5f5cd\" data-element_type=\"widget\" data-widget_type=\"heading.default\">\n\t\t\t\t<div class=\"elementor-widget-container\">\n\t\t\t<h6 class=\"elementor-heading-title elementor-size-default\">Notre approche<\/h6>\t\t<\/div>\n\t\t\t\t<\/div>\n\t\t\t\t<div class=\"elementor-element elementor-element-27eddb30 elementor-widget elementor-widget-heading\" data-id=\"27eddb30\" data-element_type=\"widget\" data-widget_type=\"heading.default\">\n\t\t\t\t<div class=\"elementor-widget-container\">\n\t\t\t<h2 class=\"elementor-heading-title elementor-size-default\">Expertises au service de votre marque<\/h2>\t\t<\/div>\n\t\t\t\t<\/div>\n\t\t\t\t<div class=\"elementor-element elementor-element-2eea445 elementor-widget elementor-widget-text-editor\" data-id=\"2eea445\" data-element_type=\"widget\" data-widget_type=\"text-editor.default\">\n\t\t\t\t<div class=\"elementor-widget-container\">\n\t\t\t\t\t\t\t<p>Le studio accompagne les entreprises et marques souhaitant structurer leur image,<br \/>clarifier leur positionnement et d\u00e9velopper un univers coh\u00e9rent sur l\u2019ensemble<br \/>de leurs points de contact.<br \/><br \/>Chaque projet combine r\u00e9flexion strat\u00e9gique, direction cr\u00e9ative<br \/>et d\u00e9ploiement op\u00e9rationnel afin de construire une marque durable et diff\u00e9renciante.Lorem ipsum dolor sit amet, consectetur adipiscing elit. Ut elit tellus, luctus nec ullamcorper mattis, pulvinar dapibus leo.<\/p>\t\t\t\t\t\t<\/div>\n\t\t\t\t<\/div>\n\t\t\t\t<\/div>\n\t\t\t\t\t<\/div>\n\t\t\t\t<\/div>\n\t\t<div class=\"elementor-element elementor-element-62693758 e-flex e-con-boxed e-con e-parent\" data-id=\"62693758\" data-element_type=\"container\">\n\t\t\t\t\t<div class=\"e-con-inner\">\n\t\t<div class=\"elementor-element elementor-element-558c2da6 e-con-full e-flex e-con e-child\" data-id=\"558c2da6\" data-element_type=\"container\">\n\t\t\t\t<div class=\"elementor-element elementor-element-ff68c82 elementor-widget__width-initial elementor-widget-mobile__width-initial pp-info-box-top elementor-widget elementor-widget-pp-info-box\" data-id=\"ff68c82\" data-element_type=\"widget\" data-widget_type=\"pp-info-box.default\">\n\t\t\t\t<div class=\"elementor-widget-container\">\n\t\t\t\t\t<div class=\"pp-info-box-container\">\n\t\t\t<div class=\"pp-info-box\">\n\t\t\t\t\t\t\t\t\t<div class=\"pp-info-box-icon-wrap\">\n\t\t\t\t\t\t\t\t\t\t\t\t\t\t<span class=\"pp-info-box-icon pp-icon\">\n\t\t\t<img decoding=\"async\" width=\"697\" height=\"801\" src=\"https:\/\/charlotteperrotton.com\/wp-content\/uploads\/2024\/07\/Plan-de-travail-12-copie-3-8-1.png\" class=\"attachment-full size-full wp-image-305\" alt=\"\" srcset=\"https:\/\/charlotteperrotton.com\/wp-content\/uploads\/2024\/07\/Plan-de-travail-12-copie-3-8-1.png 697w, https:\/\/charlotteperrotton.com\/wp-content\/uploads\/2024\/07\/Plan-de-travail-12-copie-3-8-1-261x300.png 261w\" sizes=\"(max-width: 697px) 100vw, 697px\" \/>\t\t<\/span>\n\t\t\t\t\t\t\t\t\t\t\t\t\t<\/div>\n\t\t\t\t\t\t\t\t<div class=\"pp-info-box-content\">\n\t\t\t\t\t<div class=\"pp-info-box-title-wrap\">\n\t\t\t\t\t\t\t\t\t\t\t\t\t<div class=\"pp-info-box-title-container\">\n\t\t\t\t\t\t\t\t<h4 class=\"pp-info-box-title\">\n\t\t\t\t\t\t\t\t\tBRANDING STRAT\u00c9GIQUE\t\t\t\t\t\t\t\t<\/h4>\n\t\t\t\t\t\t\t<\/div>\n\t\t\t\t\t\t\t\t\t\t\t\t<\/div>\n\n\t\t\t\t\t\n\t\t\t\t\t\t\t\t\t\t\t<div class=\"pp-info-box-description\">\n\t\t\t\t\t\t\t<p>Avant d\u2019\u00eatre visuelle, une marque est une strat\u00e9gie.<br>Nous d\u00e9finissons les fondations permettant de structurer votre image<br>et de cr\u00e9er une diff\u00e9renciation claire sur votre march\u00e9.<br><br>\u2022 Audit et analyse de marque<br>\u2022 Positionnement strat\u00e9gique<br>\u2022 Plateforme de marque<br>\u2022 Architecture d\u2019offre<br>\u2022 Territoire d\u2019expression<br>\u2022 Naming &amp; storytelling<br><br>Objectif : poser des bases solides pour une marque coh\u00e9rente et p\u00e9renne.<span style=\"font-size: 1rem;\"><\/span><\/p>\t\t\t\t\t\t<\/div>\n\t\t\t\t\t\t\t\t\t\t\t\t\t\t<\/div>\n\t\t\t<\/div>\n\t\t<\/div>\n\t\t\t\t<\/div>\n\t\t\t\t<\/div>\n\t\t\t\t<div class=\"elementor-element elementor-element-269fab89 pp-info-box-top elementor-widget elementor-widget-pp-info-box\" data-id=\"269fab89\" data-element_type=\"widget\" data-widget_type=\"pp-info-box.default\">\n\t\t\t\t<div class=\"elementor-widget-container\">\n\t\t\t\t\t<div class=\"pp-info-box-container\">\n\t\t\t<div class=\"pp-info-box\">\n\t\t\t\t\t\t\t\t\t<div class=\"pp-info-box-icon-wrap\">\n\t\t\t\t\t\t\t\t\t\t\t\t\t\t<span class=\"pp-info-box-icon pp-icon\">\n\t\t\t<img decoding=\"async\" width=\"697\" height=\"801\" src=\"https:\/\/charlotteperrotton.com\/wp-content\/uploads\/2024\/07\/Plan-de-travail-12-8.png\" class=\"attachment-full size-full wp-image-303\" alt=\"\" srcset=\"https:\/\/charlotteperrotton.com\/wp-content\/uploads\/2024\/07\/Plan-de-travail-12-8.png 697w, https:\/\/charlotteperrotton.com\/wp-content\/uploads\/2024\/07\/Plan-de-travail-12-8-261x300.png 261w\" sizes=\"(max-width: 697px) 100vw, 697px\" \/>\t\t<\/span>\n\t\t\t\t\t\t\t\t\t\t\t\t\t<\/div>\n\t\t\t\t\t\t\t\t<div class=\"pp-info-box-content\">\n\t\t\t\t\t<div class=\"pp-info-box-title-wrap\">\n\t\t\t\t\t\t\t\t\t\t\t\t\t<div class=\"pp-info-box-title-container\">\n\t\t\t\t\t\t\t\t<h4 class=\"pp-info-box-title\">\n\t\t\t\t\t\t\t\t\tDIRECTION ARTISTIQUE\t\t\t\t\t\t\t\t<\/h4>\n\t\t\t\t\t\t\t<\/div>\n\t\t\t\t\t\t\t\t\t\t\t\t<\/div>\n\n\t\t\t\t\t\n\t\t\t\t\t\t\t\t\t\t\t<div class=\"pp-info-box-description\">\n\t\t\t\t\t\t\t<div class=\"relative w-full my-4\"><div class=\"\"><div class=\"relative\"><div class=\"h-full min-h-0 min-w-0\"><div class=\"h-full min-h-0 min-w-0\"><div class=\"border corner-superellipse\/1.1 border-token-border-light bg-token-bg-elevated-secondary rounded-3xl\"><div class=\"corner-superellipse\/1.1 rounded-3xl bg-token-bg-elevated-secondary\"><div class=\"relative z-0 flex max-w-full\"><div id=\"code-block-viewer\" class=\"q9tKkq_viewer cm-editor z-10 light:cm-light dark:cm-light flex h-full w-full flex-col items-stretch \u037c5 \u037cj\" dir=\"ltr\"><div class=\"cm-scroller\"><div class=\"cm-content q9tKkq_readonly\">La strat\u00e9gie prend forme \u00e0 travers un univers visuel distinctif<br>et imm\u00e9diatement reconnaissable.<br><br>Nous concevons des identit\u00e9s capables de vivre dans le temps<br>et de s\u2019adapter \u00e0 tous vos supports.<br><br>\u2022 Identit\u00e9 visuelle &amp; logo<br>\u2022 Charte graphique compl\u00e8te<br>\u2022 Syst\u00e8mes visuels<br>\u2022 Supports print &amp; \u00e9ditoriaux<br>\u2022 Social media design<br>\u2022 Templates de communication<br><br>Objectif : assurer coh\u00e9rence, impact et reconnaissance de marque.<span style=\"font-size: 1rem;\"><\/span><\/div><\/div><\/div><\/div><\/div><\/div><\/div><\/div><\/div><\/div><\/div>\t\t\t\t\t\t<\/div>\n\t\t\t\t\t\t\t\t\t\t\t\t\t\t<\/div>\n\t\t\t<\/div>\n\t\t<\/div>\n\t\t\t\t<\/div>\n\t\t\t\t<\/div>\n\t\t\t\t<\/div>\n\t\t<div class=\"elementor-element elementor-element-3e65669c e-con-full e-flex e-con e-child\" data-id=\"3e65669c\" data-element_type=\"container\">\n\t\t\t\t<div class=\"elementor-element elementor-element-6a5468e0 elementor-widget__width-initial elementor-widget-mobile__width-initial pp-info-box-top elementor-widget elementor-widget-pp-info-box\" data-id=\"6a5468e0\" data-element_type=\"widget\" data-widget_type=\"pp-info-box.default\">\n\t\t\t\t<div class=\"elementor-widget-container\">\n\t\t\t\t\t<div class=\"pp-info-box-container\">\n\t\t\t<div class=\"pp-info-box\">\n\t\t\t\t\t\t\t\t\t<div class=\"pp-info-box-icon-wrap\">\n\t\t\t\t\t\t\t\t\t\t\t\t\t\t<span class=\"pp-info-box-icon pp-icon\">\n\t\t\t<img loading=\"lazy\" decoding=\"async\" width=\"801\" height=\"801\" src=\"https:\/\/charlotteperrotton.com\/wp-content\/uploads\/2024\/07\/Plan-de-travail-12-copie-8.png\" class=\"attachment-full size-full wp-image-302\" alt=\"\" srcset=\"https:\/\/charlotteperrotton.com\/wp-content\/uploads\/2024\/07\/Plan-de-travail-12-copie-8.png 801w, https:\/\/charlotteperrotton.com\/wp-content\/uploads\/2024\/07\/Plan-de-travail-12-copie-8-300x300.png 300w, https:\/\/charlotteperrotton.com\/wp-content\/uploads\/2024\/07\/Plan-de-travail-12-copie-8-150x150.png 150w, https:\/\/charlotteperrotton.com\/wp-content\/uploads\/2024\/07\/Plan-de-travail-12-copie-8-768x768.png 768w\" sizes=\"(max-width: 801px) 100vw, 801px\" \/>\t\t<\/span>\n\t\t\t\t\t\t\t\t\t\t\t\t\t<\/div>\n\t\t\t\t\t\t\t\t<div class=\"pp-info-box-content\">\n\t\t\t\t\t<div class=\"pp-info-box-title-wrap\">\n\t\t\t\t\t\t\t\t\t\t\t\t\t<div class=\"pp-info-box-title-container\">\n\t\t\t\t\t\t\t\t<h4 class=\"pp-info-box-title\">\n\t\t\t\t\t\t\t\t\tEXP\u00c9RIENCE DIGITALE\t\t\t\t\t\t\t\t<\/h4>\n\t\t\t\t\t\t\t<\/div>\n\t\t\t\t\t\t\t\t\t\t\t\t<\/div>\n\n\t\t\t\t\t\n\t\t\t\t\t\t\t\t\t\t\t<div class=\"pp-info-box-description\">\n\t\t\t\t\t\t\t<p>Votre pr\u00e9sence digitale est souvent le premier point de contact<br>avec votre audience.<br><br>Nous concevons des exp\u00e9riences digitales align\u00e9es<br>avec votre positionnement et pens\u00e9es pour la lisibilit\u00e9,<br>la perception et la conversion.<br><br>\u2022 Web design &amp; conception UX\/UI<br>\u2022 Sites vitrines &amp; sites entreprises<br>\u2022 Landing pages strat\u00e9giques<br>\u2022 Univers digitaux coh\u00e9rents<br>\u2022 Optimisation de l\u2019exp\u00e9rience utilisateur<br><br>Objectif : transformer votre image en exp\u00e9rience digitale performante.<span style=\"font-size: 1rem;\"><\/span><\/p>\t\t\t\t\t\t<\/div>\n\t\t\t\t\t\t\t\t\t\t\t\t\t\t<\/div>\n\t\t\t<\/div>\n\t\t<\/div>\n\t\t\t\t<\/div>\n\t\t\t\t<\/div>\n\t\t\t\t<div class=\"elementor-element elementor-element-3266f98c pp-info-box-top elementor-widget elementor-widget-pp-info-box\" data-id=\"3266f98c\" data-element_type=\"widget\" data-widget_type=\"pp-info-box.default\">\n\t\t\t\t<div class=\"elementor-widget-container\">\n\t\t\t\t\t<div class=\"pp-info-box-container\">\n\t\t\t<div class=\"pp-info-box\">\n\t\t\t\t\t\t\t\t\t<div class=\"pp-info-box-icon-wrap\">\n\t\t\t\t\t\t\t\t\t\t\t\t\t\t<span class=\"pp-info-box-icon pp-icon\">\n\t\t\t<img loading=\"lazy\" decoding=\"async\" width=\"801\" height=\"801\" src=\"https:\/\/charlotteperrotton.com\/wp-content\/uploads\/2024\/07\/Plan-de-travail-12-copie-2-8.png\" class=\"attachment-full size-full wp-image-300\" alt=\"\" srcset=\"https:\/\/charlotteperrotton.com\/wp-content\/uploads\/2024\/07\/Plan-de-travail-12-copie-2-8.png 801w, https:\/\/charlotteperrotton.com\/wp-content\/uploads\/2024\/07\/Plan-de-travail-12-copie-2-8-300x300.png 300w, https:\/\/charlotteperrotton.com\/wp-content\/uploads\/2024\/07\/Plan-de-travail-12-copie-2-8-150x150.png 150w, https:\/\/charlotteperrotton.com\/wp-content\/uploads\/2024\/07\/Plan-de-travail-12-copie-2-8-768x768.png 768w\" sizes=\"(max-width: 801px) 100vw, 801px\" \/>\t\t<\/span>\n\t\t\t\t\t\t\t\t\t\t\t\t\t<\/div>\n\t\t\t\t\t\t\t\t<div class=\"pp-info-box-content\">\n\t\t\t\t\t<div class=\"pp-info-box-title-wrap\">\n\t\t\t\t\t\t\t\t\t\t\t\t\t<div class=\"pp-info-box-title-container\">\n\t\t\t\t\t\t\t\t<h4 class=\"pp-info-box-title\">\n\t\t\t\t\t\t\t\t\tEVENT &amp; SPATIAL BRANDING\t\t\t\t\t\t\t\t<\/h4>\n\t\t\t\t\t\t\t<\/div>\n\t\t\t\t\t\t\t\t\t\t\t\t<\/div>\n\n\t\t\t\t\t\n\t\t\t\t\t\t\t\t\t\t\t<div class=\"pp-info-box-description\">\n\t\t\t\t\t\t\t<p>La marque doit \u00e9galement exister dans l\u2019espace physique<br \/>et cr\u00e9er des exp\u00e9riences m\u00e9morables.<br \/><br \/>Nous d\u00e9veloppons des dispositifs visuels immersifs<br \/>permettant de traduire votre identit\u00e9 dans des environnements r\u00e9els.<br \/><br \/>\u2022 Identit\u00e9 \u00e9v\u00e9nementielle<br \/>\u2022 Key visual &amp; campagnes<br \/>\u2022 Habillage d\u2019espaces<br \/>\u2022 Signal\u00e9tique &amp; supports \u00e9v\u00e9nementiels<br \/>\u2022 Exp\u00e9riences de marque immersives<br \/><br \/>Objectif : faire vivre la marque au-del\u00e0 des \u00e9crans.<\/p>\t\t\t\t\t\t<\/div>\n\t\t\t\t\t\t\t\t\t\t\t\t\t\t<\/div>\n\t\t\t<\/div>\n\t\t<\/div>\n\t\t\t\t<\/div>\n\t\t\t\t<\/div>\n\t\t\t\t<\/div>\n\t\t\t\t\t<\/div>\n\t\t\t\t<\/div>\n\t\t<div class=\"elementor-element elementor-element-3aa5b171 e-flex e-con-boxed e-con e-parent\" data-id=\"3aa5b171\" data-element_type=\"container\" data-settings=\"{&quot;background_background&quot;:&quot;classic&quot;}\">\n\t\t\t\t\t<div class=\"e-con-inner\">\n\t\t<div class=\"elementor-element elementor-element-607cee9c e-flex e-con-boxed e-con e-child\" data-id=\"607cee9c\" data-element_type=\"container\">\n\t\t\t\t\t<div class=\"e-con-inner\">\n\t\t\t\t<div class=\"elementor-element elementor-element-ff5ab25 elementor-widget elementor-widget-heading\" data-id=\"ff5ab25\" data-element_type=\"widget\" data-widget_type=\"heading.default\">\n\t\t\t\t<div class=\"elementor-widget-container\">\n\t\t\t<h2 class=\"elementor-heading-title elementor-size-default\">Parlons de votre prochaine \u00e9volution de marque.<\/h2>\t\t<\/div>\n\t\t\t\t<\/div>\n\t\t\t\t<div class=\"elementor-element elementor-element-1942e2c3 elementor-widget elementor-widget-text-editor\" data-id=\"1942e2c3\" data-element_type=\"widget\" data-widget_type=\"text-editor.default\">\n\t\t\t\t<div class=\"elementor-widget-container\">\n\t\t\t\t\t\t\t<p>Chaque collaboration d\u00e9bute par un \u00e9change permettant de comprendre vos enjeux, vos ambitions et les opportunit\u00e9s de d\u00e9veloppement de votre marque.<\/p>\t\t\t\t\t\t<\/div>\n\t\t\t\t<\/div>\n\t\t\t\t<div class=\"elementor-element elementor-element-1446707a elementor-mobile-align-center elementor-align-center elementor-widget elementor-widget-button\" data-id=\"1446707a\" data-element_type=\"widget\" data-widget_type=\"button.default\">\n\t\t\t\t<div class=\"elementor-widget-container\">\n\t\t\t\t\t<div class=\"elementor-button-wrapper\">\n\t\t\t<a class=\"elementor-button elementor-button-link elementor-size-sm\" href=\"https:\/\/charlotteperrotton.com\/?page_id=35\">\n\t\t\t\t\t\t<span class=\"elementor-button-content-wrapper\">\n\t\t\t\t\t\t\t\t\t<span class=\"elementor-button-text\">D\u00e9marrer v\u00f4tre projet !<\/span>\n\t\t\t\t\t<\/span>\n\t\t\t\t\t<\/a>\n\t\t<\/div>\n\t\t\t\t<\/div>\n\t\t\t\t<\/div>\n\t\t\t\t\t<\/div>\n\t\t\t\t<\/div>\n\t\t\t\t\t<\/div>\n\t\t\t\t<\/div>\n\t\t\t\t<\/div>\n\t\t","protected":false},"excerpt":{"rendered":"<p>Services Notre approche Expertises au service de votre marque Le studio accompagne les entreprises et marques souhaitant structurer leur image,clarifier leur positionnement et d\u00e9velopper un univers coh\u00e9rent sur l\u2019ensemblede leurs points de contact. Chaque projet combine r\u00e9flexion strat\u00e9gique, direction cr\u00e9ativeet d\u00e9ploiement op\u00e9rationnel afin de construire une marque durable et diff\u00e9renciante.Lorem ipsum dolor sit amet, consectetur [&hellip;]<\/p>\n","protected":false},"author":1,"featured_media":236,"parent":0,"menu_order":0,"comment_status":"closed","ping_status":"closed","template":"","meta":{"footnotes":""},"class_list":["post-371","page","type-page","status-publish","has-post-thumbnail","hentry"],"yoast_head":"<!-- This site is optimized with the Yoast SEO plugin v25.9 - https:\/\/yoast.com\/wordpress\/plugins\/seo\/ -->\n<title>Services - Charlotte Design<\/title>\n<meta name=\"description\" content=\"Le studio accompagne entreprises et marques \u00e0 Gen\u00e8ve dans la cr\u00e9ation d\u2019identit\u00e9 visuelle, branding et direction artistique.\" \/>\n<meta name=\"robots\" content=\"index, follow, max-snippet:-1, max-image-preview:large, max-video-preview:-1\" \/>\n<link rel=\"canonical\" href=\"https:\/\/charlotteperrotton.com\/?page_id=371\" \/>\n<meta property=\"og:locale\" content=\"en_US\" \/>\n<meta property=\"og:type\" content=\"article\" \/>\n<meta property=\"og:title\" content=\"Services - Charlotte Design\" \/>\n<meta property=\"og:description\" content=\"Le studio accompagne entreprises et marques \u00e0 Gen\u00e8ve dans la cr\u00e9ation d\u2019identit\u00e9 visuelle, branding et direction artistique.\" \/>\n<meta property=\"og:url\" content=\"https:\/\/charlotteperrotton.com\/?page_id=371\" \/>\n<meta property=\"og:site_name\" content=\"Charlotte Design\" \/>\n<meta property=\"article:modified_time\" content=\"2026-03-02T13:13:08+00:00\" \/>\n<meta property=\"og:image\" content=\"http:\/\/charlotteperrotton.com\/wp-content\/uploads\/2024\/07\/Firefly-Jolie-drap-flottant-violet-pale-douceur-soie-blanc-studio-abstrait-56522.jpg\" \/>\n\t<meta property=\"og:image:width\" content=\"2048\" \/>\n\t<meta property=\"og:image:height\" content=\"2048\" \/>\n\t<meta property=\"og:image:type\" content=\"image\/jpeg\" \/>\n<meta name=\"twitter:card\" content=\"summary_large_image\" \/>\n<meta name=\"twitter:label1\" content=\"Est. reading time\" \/>\n\t<meta name=\"twitter:data1\" content=\"3 minutes\" \/>\n<script type=\"application\/ld+json\" class=\"yoast-schema-graph\">{\"@context\":\"https:\/\/schema.org\",\"@graph\":[{\"@type\":\"WebPage\",\"@id\":\"https:\/\/charlotteperrotton.com\/?page_id=371\",\"url\":\"https:\/\/charlotteperrotton.com\/?page_id=371\",\"name\":\"Services - Charlotte Design\",\"isPartOf\":{\"@id\":\"https:\/\/charlotteperrotton.com\/#website\"},\"primaryImageOfPage\":{\"@id\":\"https:\/\/charlotteperrotton.com\/?page_id=371#primaryimage\"},\"image\":{\"@id\":\"https:\/\/charlotteperrotton.com\/?page_id=371#primaryimage\"},\"thumbnailUrl\":\"https:\/\/charlotteperrotton.com\/wp-content\/uploads\/2024\/07\/Firefly-Jolie-drap-flottant-violet-pale-douceur-soie-blanc-studio-abstrait-56522.jpg\",\"datePublished\":\"2024-07-02T09:59:49+00:00\",\"dateModified\":\"2026-03-02T13:13:08+00:00\",\"description\":\"Le studio accompagne entreprises et marques \u00e0 Gen\u00e8ve dans la cr\u00e9ation d\u2019identit\u00e9 visuelle, branding et direction artistique.\",\"breadcrumb\":{\"@id\":\"https:\/\/charlotteperrotton.com\/?page_id=371#breadcrumb\"},\"inLanguage\":\"en-US\",\"potentialAction\":[{\"@type\":\"ReadAction\",\"target\":[\"https:\/\/charlotteperrotton.com\/?page_id=371\"]}]},{\"@type\":\"ImageObject\",\"inLanguage\":\"en-US\",\"@id\":\"https:\/\/charlotteperrotton.com\/?page_id=371#primaryimage\",\"url\":\"https:\/\/charlotteperrotton.com\/wp-content\/uploads\/2024\/07\/Firefly-Jolie-drap-flottant-violet-pale-douceur-soie-blanc-studio-abstrait-56522.jpg\",\"contentUrl\":\"https:\/\/charlotteperrotton.com\/wp-content\/uploads\/2024\/07\/Firefly-Jolie-drap-flottant-violet-pale-douceur-soie-blanc-studio-abstrait-56522.jpg\",\"width\":2048,\"height\":2048},{\"@type\":\"BreadcrumbList\",\"@id\":\"https:\/\/charlotteperrotton.com\/?page_id=371#breadcrumb\",\"itemListElement\":[{\"@type\":\"ListItem\",\"position\":1,\"name\":\"Accueil\",\"item\":\"https:\/\/charlotteperrotton.com\/\"},{\"@type\":\"ListItem\",\"position\":2,\"name\":\"Services\"}]},{\"@type\":\"WebSite\",\"@id\":\"https:\/\/charlotteperrotton.com\/#website\",\"url\":\"https:\/\/charlotteperrotton.com\/\",\"name\":\"Charlotte Perrotton Design\",\"description\":\"Brand Designer\",\"potentialAction\":[{\"@type\":\"SearchAction\",\"target\":{\"@type\":\"EntryPoint\",\"urlTemplate\":\"https:\/\/charlotteperrotton.com\/?s={search_term_string}\"},\"query-input\":{\"@type\":\"PropertyValueSpecification\",\"valueRequired\":true,\"valueName\":\"search_term_string\"}}],\"inLanguage\":\"en-US\"}]}<\/script>\n<!-- \/ Yoast SEO plugin. -->","yoast_head_json":{"title":"Services - Charlotte Design","description":"Le studio accompagne entreprises et marques \u00e0 Gen\u00e8ve dans la cr\u00e9ation d\u2019identit\u00e9 visuelle, branding et direction artistique.","robots":{"index":"index","follow":"follow","max-snippet":"max-snippet:-1","max-image-preview":"max-image-preview:large","max-video-preview":"max-video-preview:-1"},"canonical":"https:\/\/charlotteperrotton.com\/?page_id=371","og_locale":"en_US","og_type":"article","og_title":"Services - Charlotte Design","og_description":"Le studio accompagne entreprises et marques \u00e0 Gen\u00e8ve dans la cr\u00e9ation d\u2019identit\u00e9 visuelle, branding et direction artistique.","og_url":"https:\/\/charlotteperrotton.com\/?page_id=371","og_site_name":"Charlotte Design","article_modified_time":"2026-03-02T13:13:08+00:00","og_image":[{"width":2048,"height":2048,"url":"http:\/\/charlotteperrotton.com\/wp-content\/uploads\/2024\/07\/Firefly-Jolie-drap-flottant-violet-pale-douceur-soie-blanc-studio-abstrait-56522.jpg","type":"image\/jpeg"}],"twitter_card":"summary_large_image","twitter_misc":{"Est. reading time":"3 minutes"},"schema":{"@context":"https:\/\/schema.org","@graph":[{"@type":"WebPage","@id":"https:\/\/charlotteperrotton.com\/?page_id=371","url":"https:\/\/charlotteperrotton.com\/?page_id=371","name":"Services - Charlotte Design","isPartOf":{"@id":"https:\/\/charlotteperrotton.com\/#website"},"primaryImageOfPage":{"@id":"https:\/\/charlotteperrotton.com\/?page_id=371#primaryimage"},"image":{"@id":"https:\/\/charlotteperrotton.com\/?page_id=371#primaryimage"},"thumbnailUrl":"https:\/\/charlotteperrotton.com\/wp-content\/uploads\/2024\/07\/Firefly-Jolie-drap-flottant-violet-pale-douceur-soie-blanc-studio-abstrait-56522.jpg","datePublished":"2024-07-02T09:59:49+00:00","dateModified":"2026-03-02T13:13:08+00:00","description":"Le studio accompagne entreprises et marques \u00e0 Gen\u00e8ve dans la cr\u00e9ation d\u2019identit\u00e9 visuelle, branding et direction artistique.","breadcrumb":{"@id":"https:\/\/charlotteperrotton.com\/?page_id=371#breadcrumb"},"inLanguage":"en-US","potentialAction":[{"@type":"ReadAction","target":["https:\/\/charlotteperrotton.com\/?page_id=371"]}]},{"@type":"ImageObject","inLanguage":"en-US","@id":"https:\/\/charlotteperrotton.com\/?page_id=371#primaryimage","url":"https:\/\/charlotteperrotton.com\/wp-content\/uploads\/2024\/07\/Firefly-Jolie-drap-flottant-violet-pale-douceur-soie-blanc-studio-abstrait-56522.jpg","contentUrl":"https:\/\/charlotteperrotton.com\/wp-content\/uploads\/2024\/07\/Firefly-Jolie-drap-flottant-violet-pale-douceur-soie-blanc-studio-abstrait-56522.jpg","width":2048,"height":2048},{"@type":"BreadcrumbList","@id":"https:\/\/charlotteperrotton.com\/?page_id=371#breadcrumb","itemListElement":[{"@type":"ListItem","position":1,"name":"Accueil","item":"https:\/\/charlotteperrotton.com\/"},{"@type":"ListItem","position":2,"name":"Services"}]},{"@type":"WebSite","@id":"https:\/\/charlotteperrotton.com\/#website","url":"https:\/\/charlotteperrotton.com\/","name":"Charlotte Perrotton Design","description":"Brand Designer","potentialAction":[{"@type":"SearchAction","target":{"@type":"EntryPoint","urlTemplate":"https:\/\/charlotteperrotton.com\/?s={search_term_string}"},"query-input":{"@type":"PropertyValueSpecification","valueRequired":true,"valueName":"search_term_string"}}],"inLanguage":"en-US"}]}},"_links":{"self":[{"href":"https:\/\/charlotteperrotton.com\/index.php?rest_route=\/wp\/v2\/pages\/371","targetHints":{"allow":["GET"]}}],"collection":[{"href":"https:\/\/charlotteperrotton.com\/index.php?rest_route=\/wp\/v2\/pages"}],"about":[{"href":"https:\/\/charlotteperrotton.com\/index.php?rest_route=\/wp\/v2\/types\/page"}],"author":[{"embeddable":true,"href":"https:\/\/charlotteperrotton.com\/index.php?rest_route=\/wp\/v2\/users\/1"}],"replies":[{"embeddable":true,"href":"https:\/\/charlotteperrotton.com\/index.php?rest_route=%2Fwp%2Fv2%2Fcomments&post=371"}],"version-history":[{"count":65,"href":"https:\/\/charlotteperrotton.com\/index.php?rest_route=\/wp\/v2\/pages\/371\/revisions"}],"predecessor-version":[{"id":2320,"href":"https:\/\/charlotteperrotton.com\/index.php?rest_route=\/wp\/v2\/pages\/371\/revisions\/2320"}],"wp:featuredmedia":[{"embeddable":true,"href":"https:\/\/charlotteperrotton.com\/index.php?rest_route=\/wp\/v2\/media\/236"}],"wp:attachment":[{"href":"https:\/\/charlotteperrotton.com\/index.php?rest_route=%2Fwp%2Fv2%2Fmedia&parent=371"}],"curies":[{"name":"wp","href":"https:\/\/api.w.org\/{rel}","templated":true}]}}