{"id":40,"date":"2024-06-28T16:07:50","date_gmt":"2024-06-28T14:07:50","guid":{"rendered":"https:\/\/charlotteperrotton.com\/?page_id=40"},"modified":"2026-03-02T14:09:31","modified_gmt":"2026-03-02T13:09:31","slug":"portfolio","status":"publish","type":"page","link":"https:\/\/charlotteperrotton.com\/?page_id=40","title":{"rendered":"Portfolio"},"content":{"rendered":"\t\t<div data-elementor-type=\"wp-page\" data-elementor-id=\"40\" class=\"elementor elementor-40\" data-elementor-post-type=\"page\">\n\t\t\t\t<div class=\"elementor-element elementor-element-6f4f851f e-flex e-con-boxed e-con e-parent\" data-id=\"6f4f851f\" data-element_type=\"container\" data-settings=\"{&quot;background_background&quot;:&quot;classic&quot;}\">\n\t\t\t\t\t<div class=\"e-con-inner\">\n\t\t\t\t<div class=\"elementor-element elementor-element-1233c310 elementor-widget elementor-widget-heading\" data-id=\"1233c310\" data-element_type=\"widget\" data-widget_type=\"heading.default\">\n\t\t\t\t<div class=\"elementor-widget-container\">\n\t\t\t<h1 class=\"elementor-heading-title elementor-size-default\">Portfolio<\/h1>\t\t<\/div>\n\t\t\t\t<\/div>\n\t\t\t\t\t<\/div>\n\t\t\t\t<\/div>\n\t\t<div class=\"elementor-element elementor-element-ffc8ab8 e-grid e-con-boxed e-con e-parent\" data-id=\"ffc8ab8\" data-element_type=\"container\">\n\t\t\t\t\t<div class=\"e-con-inner\">\n\t\t\t\t<div class=\"elementor-element elementor-element-9cf2511 elementor-widget elementor-widget-pp-flipbox\" data-id=\"9cf2511\" data-element_type=\"widget\" data-widget_type=\"pp-flipbox.default\">\n\t\t\t\t<div class=\"elementor-widget-container\">\n\t\t\t\t\t<div class=\"pp-flipbox-container pp-animate-push pp-direction-left\">\n\t\t\t<div class=\"pp-flipbox-flip-card\">\n\t\t\t\t\t\t<div class=\"pp-flipbox-front\">\n\t\t\t<div class=\"pp-flipbox-overlay\">\n\t\t\t\t<div class=\"pp-flipbox-inner\">\n\t\t\t\t\t<div class=\"pp-flipbox-icon-image\">\n\t\t\t\t\t\t\t\t\t\t\t<\/div>\n\n\t\t\t\t\t<h3 class=\"pp-flipbox-heading\">\n\t\t\t\t\t\t\t\t\t\t\t<\/h3>\n\n\t\t\t\t\t<div class=\"pp-flipbox-content\">\n\t\t\t\t\t\t\t\t\t\t\t<\/div>\n\t\t\t\t<\/div>\n\t\t\t<\/div>\n\t\t<\/div>\n\t\t\t\t<div class=\"pp-flipbox-back\">\n\t\t\t\t\t\t\t<a class=\"pp-flipbox-box-link\" href=\"https:\/\/charlotteperrotton.com\/?page_id=994\"><\/a>\n\t\t\t\t\t\t<div class=\"pp-flipbox-overlay\">\n\t\t\t\t<div class=\"pp-flipbox-inner\">\n\t\t\t\t\t\n\t\t\t\t\t\t\t\t\t\t\t<h5 class=\"pp-flipbox-heading\">\n\t\t\t\t\t\t\tGunvor 20 Years\t\t\t\t\t\t<\/h5>\n\t\t\t\t\t\n\t\t\t\t\t<div class=\"pp-flipbox-content\">\n\t\t\t\t\t\tMissions : Identit\u00e9 visuelle - Event branding - Print - Digital\t\t\t\t\t<\/div>\n\n\t\t\t\t\t\t\t\t\t<\/div>\n\t\t\t<\/div>\n\t\t<\/div>\n\t\t\t\t\t<\/div>\n\t\t<\/div>\n\t\t\t\t<\/div>\n\t\t\t\t<\/div>\n\t\t\t\t<div class=\"elementor-element elementor-element-617922a4 elementor-widget elementor-widget-pp-flipbox\" data-id=\"617922a4\" data-element_type=\"widget\" data-widget_type=\"pp-flipbox.default\">\n\t\t\t\t<div class=\"elementor-widget-container\">\n\t\t\t\t\t<div class=\"pp-flipbox-container pp-animate-push pp-direction-left\">\n\t\t\t<div class=\"pp-flipbox-flip-card\">\n\t\t\t\t\t\t<div class=\"pp-flipbox-front\">\n\t\t\t<div class=\"pp-flipbox-overlay\">\n\t\t\t\t<div class=\"pp-flipbox-inner\">\n\t\t\t\t\t<div class=\"pp-flipbox-icon-image\">\n\t\t\t\t\t\t\t\t\t\t\t<\/div>\n\n\t\t\t\t\t<h3 class=\"pp-flipbox-heading\">\n\t\t\t\t\t\t\t\t\t\t\t<\/h3>\n\n\t\t\t\t\t<div class=\"pp-flipbox-content\">\n\t\t\t\t\t\t\t\t\t\t\t<\/div>\n\t\t\t\t<\/div>\n\t\t\t<\/div>\n\t\t<\/div>\n\t\t\t\t<div class=\"pp-flipbox-back\">\n\t\t\t\t\t\t\t<a class=\"pp-flipbox-box-link\" href=\"https:\/\/charlotteperrotton.com\/?page_id=1921\"><\/a>\n\t\t\t\t\t\t<div class=\"pp-flipbox-overlay\">\n\t\t\t\t<div class=\"pp-flipbox-inner\">\n\t\t\t\t\t\n\t\t\t\t\t\t\t\t\t\t\t<h5 class=\"pp-flipbox-heading\">\n\t\t\t\t\t\t\tOYA Greek Food\t\t\t\t\t\t<\/h5>\n\t\t\t\t\t\n\t\t\t\t\t<div class=\"pp-flipbox-content\">\n\t\t\t\t\t\tMission : Branding - Print - Photo - Web design\t\t\t\t\t<\/div>\n\n\t\t\t\t\t\t\t\t\t<\/div>\n\t\t\t<\/div>\n\t\t<\/div>\n\t\t\t\t\t<\/div>\n\t\t<\/div>\n\t\t\t\t<\/div>\n\t\t\t\t<\/div>\n\t\t\t\t<div class=\"elementor-element elementor-element-6cbe27d2 elementor-widget elementor-widget-pp-flipbox\" data-id=\"6cbe27d2\" data-element_type=\"widget\" data-widget_type=\"pp-flipbox.default\">\n\t\t\t\t<div class=\"elementor-widget-container\">\n\t\t\t\t\t<div class=\"pp-flipbox-container pp-animate-push pp-direction-left\">\n\t\t\t<div class=\"pp-flipbox-flip-card\">\n\t\t\t\t\t\t<div class=\"pp-flipbox-front\">\n\t\t\t<div class=\"pp-flipbox-overlay\">\n\t\t\t\t<div class=\"pp-flipbox-inner\">\n\t\t\t\t\t<div class=\"pp-flipbox-icon-image\">\n\t\t\t\t\t\t\t\t\t\t\t<\/div>\n\n\t\t\t\t\t<h3 class=\"pp-flipbox-heading\">\n\t\t\t\t\t\t\t\t\t\t\t<\/h3>\n\n\t\t\t\t\t<div class=\"pp-flipbox-content\">\n\t\t\t\t\t\t\t\t\t\t\t<\/div>\n\t\t\t\t<\/div>\n\t\t\t<\/div>\n\t\t<\/div>\n\t\t\t\t<div class=\"pp-flipbox-back\">\n\t\t\t\t\t\t\t<a class=\"pp-flipbox-box-link\" href=\"https:\/\/charlotteperrotton.com\/?page_id=943\"><\/a>\n\t\t\t\t\t\t<div class=\"pp-flipbox-overlay\">\n\t\t\t\t<div class=\"pp-flipbox-inner\">\n\t\t\t\t\t\n\t\t\t\t\t\t\t\t\t\t\t<h5 class=\"pp-flipbox-heading\">\n\t\t\t\t\t\t\tFlowBank Championship\t\t\t\t\t\t<\/h5>\n\t\t\t\t\t\n\t\t\t\t\t<div class=\"pp-flipbox-content\">\n\t\t\t\t\t\tMissions :\nDesign graphique - Print - Event - Social media\t\t\t\t\t<\/div>\n\n\t\t\t\t\t\t\t\t\t<\/div>\n\t\t\t<\/div>\n\t\t<\/div>\n\t\t\t\t\t<\/div>\n\t\t<\/div>\n\t\t\t\t<\/div>\n\t\t\t\t<\/div>\n\t\t\t\t<div class=\"elementor-element elementor-element-7701bbb elementor-widget elementor-widget-pp-flipbox\" data-id=\"7701bbb\" data-element_type=\"widget\" data-widget_type=\"pp-flipbox.default\">\n\t\t\t\t<div class=\"elementor-widget-container\">\n\t\t\t\t\t<div class=\"pp-flipbox-container pp-animate-push pp-direction-left\">\n\t\t\t<div class=\"pp-flipbox-flip-card\">\n\t\t\t\t\t\t<div class=\"pp-flipbox-front\">\n\t\t\t<div class=\"pp-flipbox-overlay\">\n\t\t\t\t<div class=\"pp-flipbox-inner\">\n\t\t\t\t\t<div class=\"pp-flipbox-icon-image\">\n\t\t\t\t\t\t\t\t\t\t\t<\/div>\n\n\t\t\t\t\t<h3 class=\"pp-flipbox-heading\">\n\t\t\t\t\t\t\t\t\t\t\t<\/h3>\n\n\t\t\t\t\t<div class=\"pp-flipbox-content\">\n\t\t\t\t\t\t\t\t\t\t\t<\/div>\n\t\t\t\t<\/div>\n\t\t\t<\/div>\n\t\t<\/div>\n\t\t\t\t<div class=\"pp-flipbox-back\">\n\t\t\t\t\t\t\t<a class=\"pp-flipbox-box-link\" href=\"https:\/\/charlotteperrotton.com\/?page_id=801\"><\/a>\n\t\t\t\t\t\t<div class=\"pp-flipbox-overlay\">\n\t\t\t\t<div class=\"pp-flipbox-inner\">\n\t\t\t\t\t\n\t\t\t\t\t\t\t\t\t\t\t<h5 class=\"pp-flipbox-heading\">\n\t\t\t\t\t\t\tFlowbank\t\t\t\t\t\t<\/h5>\n\t\t\t\t\t\n\t\t\t\t\t<div class=\"pp-flipbox-content\">\n\t\t\t\t\t\tMissions :\nDesign graphique - Print - Event - Social media\t\t\t\t\t<\/div>\n\n\t\t\t\t\t\t\t\t\t<\/div>\n\t\t\t<\/div>\n\t\t<\/div>\n\t\t\t\t\t<\/div>\n\t\t<\/div>\n\t\t\t\t<\/div>\n\t\t\t\t<\/div>\n\t\t\t\t<div class=\"elementor-element elementor-element-a4d8120 elementor-widget elementor-widget-pp-flipbox\" data-id=\"a4d8120\" data-element_type=\"widget\" data-widget_type=\"pp-flipbox.default\">\n\t\t\t\t<div class=\"elementor-widget-container\">\n\t\t\t\t\t<div class=\"pp-flipbox-container pp-animate-push pp-direction-left\">\n\t\t\t<div class=\"pp-flipbox-flip-card\">\n\t\t\t\t\t\t<div class=\"pp-flipbox-front\">\n\t\t\t<div class=\"pp-flipbox-overlay\">\n\t\t\t\t<div class=\"pp-flipbox-inner\">\n\t\t\t\t\t<div class=\"pp-flipbox-icon-image\">\n\t\t\t\t\t\t\t\t\t\t\t<\/div>\n\n\t\t\t\t\t<h3 class=\"pp-flipbox-heading\">\n\t\t\t\t\t\t\t\t\t\t\t<\/h3>\n\n\t\t\t\t\t<div class=\"pp-flipbox-content\">\n\t\t\t\t\t\t\t\t\t\t\t<\/div>\n\t\t\t\t<\/div>\n\t\t\t<\/div>\n\t\t<\/div>\n\t\t\t\t<div class=\"pp-flipbox-back\">\n\t\t\t\t\t\t\t<a class=\"pp-flipbox-box-link\" href=\"https:\/\/charlotteperrotton.com\/?page_id=1536\"><\/a>\n\t\t\t\t\t\t<div class=\"pp-flipbox-overlay\">\n\t\t\t\t<div class=\"pp-flipbox-inner\">\n\t\t\t\t\t\n\t\t\t\t\t\t\t\t\t\t\t<h5 class=\"pp-flipbox-heading\">\n\t\t\t\t\t\t\tNaksane\t\t\t\t\t\t<\/h5>\n\t\t\t\t\t\n\t\t\t\t\t<div class=\"pp-flipbox-content\">\n\t\t\t\t\t\tMission : Identit\u00e9 visuelle - Digital - Print\t\t\t\t\t<\/div>\n\n\t\t\t\t\t\t\t\t\t<\/div>\n\t\t\t<\/div>\n\t\t<\/div>\n\t\t\t\t\t<\/div>\n\t\t<\/div>\n\t\t\t\t<\/div>\n\t\t\t\t<\/div>\n\t\t\t\t<div class=\"elementor-element elementor-element-3c71bd7 elementor-widget elementor-widget-pp-flipbox\" data-id=\"3c71bd7\" data-element_type=\"widget\" data-widget_type=\"pp-flipbox.default\">\n\t\t\t\t<div class=\"elementor-widget-container\">\n\t\t\t\t\t<div class=\"pp-flipbox-container pp-animate-push pp-direction-left\">\n\t\t\t<div class=\"pp-flipbox-flip-card\">\n\t\t\t\t\t\t<div class=\"pp-flipbox-front\">\n\t\t\t<div class=\"pp-flipbox-overlay\">\n\t\t\t\t<div class=\"pp-flipbox-inner\">\n\t\t\t\t\t<div class=\"pp-flipbox-icon-image\">\n\t\t\t\t\t\t\t\t\t\t\t<\/div>\n\n\t\t\t\t\t<h3 class=\"pp-flipbox-heading\">\n\t\t\t\t\t\t\t\t\t\t\t<\/h3>\n\n\t\t\t\t\t<div class=\"pp-flipbox-content\">\n\t\t\t\t\t\t\t\t\t\t\t<\/div>\n\t\t\t\t<\/div>\n\t\t\t<\/div>\n\t\t<\/div>\n\t\t\t\t<div class=\"pp-flipbox-back\">\n\t\t\t\t\t\t\t<a class=\"pp-flipbox-box-link\" href=\"https:\/\/charlotteperrotton.com\/?page_id=650\"><\/a>\n\t\t\t\t\t\t<div class=\"pp-flipbox-overlay\">\n\t\t\t\t<div class=\"pp-flipbox-inner\">\n\t\t\t\t\t\n\t\t\t\t\t\t\t\t\t\t\t<h5 class=\"pp-flipbox-heading\">\n\t\t\t\t\t\t\tSolid\t\t\t\t\t\t<\/h5>\n\t\t\t\t\t\n\t\t\t\t\t<div class=\"pp-flipbox-content\">\n\t\t\t\t\t\tMission : Nouvelle identit\u00e9 visuelle - Refonte du site internet\t\t\t\t\t<\/div>\n\n\t\t\t\t\t\t\t\t\t<\/div>\n\t\t\t<\/div>\n\t\t<\/div>\n\t\t\t\t\t<\/div>\n\t\t<\/div>\n\t\t\t\t<\/div>\n\t\t\t\t<\/div>\n\t\t\t\t<div class=\"elementor-element elementor-element-13ab9513 elementor-widget elementor-widget-pp-flipbox\" data-id=\"13ab9513\" data-element_type=\"widget\" data-widget_type=\"pp-flipbox.default\">\n\t\t\t\t<div class=\"elementor-widget-container\">\n\t\t\t\t\t<div class=\"pp-flipbox-container pp-animate-push pp-direction-left\">\n\t\t\t<div class=\"pp-flipbox-flip-card\">\n\t\t\t\t\t\t<div class=\"pp-flipbox-front\">\n\t\t\t<div class=\"pp-flipbox-overlay\">\n\t\t\t\t<div class=\"pp-flipbox-inner\">\n\t\t\t\t\t<div class=\"pp-flipbox-icon-image\">\n\t\t\t\t\t\t\t\t\t\t\t<\/div>\n\n\t\t\t\t\t<h3 class=\"pp-flipbox-heading\">\n\t\t\t\t\t\t\t\t\t\t\t<\/h3>\n\n\t\t\t\t\t<div class=\"pp-flipbox-content\">\n\t\t\t\t\t\t\t\t\t\t\t<\/div>\n\t\t\t\t<\/div>\n\t\t\t<\/div>\n\t\t<\/div>\n\t\t\t\t<div class=\"pp-flipbox-back\">\n\t\t\t\t\t\t\t<a class=\"pp-flipbox-box-link\" href=\"https:\/\/charlotteperrotton.com\/?page_id=621\"><\/a>\n\t\t\t\t\t\t<div class=\"pp-flipbox-overlay\">\n\t\t\t\t<div class=\"pp-flipbox-inner\">\n\t\t\t\t\t\n\t\t\t\t\t\t\t\t\t\t\t<h5 class=\"pp-flipbox-heading\">\n\t\t\t\t\t\t\tSenses Food\t\t\t\t\t\t<\/h5>\n\t\t\t\t\t\n\t\t\t\t\t<div class=\"pp-flipbox-content\">\n\t\t\t\t\t\tMission : Identit\u00e9 visuelle - Photo - Print\t\t\t\t\t<\/div>\n\n\t\t\t\t\t\t\t\t\t<\/div>\n\t\t\t<\/div>\n\t\t<\/div>\n\t\t\t\t\t<\/div>\n\t\t<\/div>\n\t\t\t\t<\/div>\n\t\t\t\t<\/div>\n\t\t\t\t<div class=\"elementor-element elementor-element-71c8532 elementor-widget elementor-widget-pp-flipbox\" data-id=\"71c8532\" data-element_type=\"widget\" data-widget_type=\"pp-flipbox.default\">\n\t\t\t\t<div class=\"elementor-widget-container\">\n\t\t\t\t\t<div class=\"pp-flipbox-container pp-animate-push pp-direction-left\">\n\t\t\t<div class=\"pp-flipbox-flip-card\">\n\t\t\t\t\t\t<div class=\"pp-flipbox-front\">\n\t\t\t<div class=\"pp-flipbox-overlay\">\n\t\t\t\t<div class=\"pp-flipbox-inner\">\n\t\t\t\t\t<div class=\"pp-flipbox-icon-image\">\n\t\t\t\t\t\t\t\t\t\t\t<\/div>\n\n\t\t\t\t\t<h3 class=\"pp-flipbox-heading\">\n\t\t\t\t\t\t\t\t\t\t\t<\/h3>\n\n\t\t\t\t\t<div class=\"pp-flipbox-content\">\n\t\t\t\t\t\t\t\t\t\t\t<\/div>\n\t\t\t\t<\/div>\n\t\t\t<\/div>\n\t\t<\/div>\n\t\t\t\t<div class=\"pp-flipbox-back\">\n\t\t\t\t\t\t\t<a class=\"pp-flipbox-box-link\" href=\"https:\/\/charlotteperrotton.com\/?page_id=637\"><\/a>\n\t\t\t\t\t\t<div class=\"pp-flipbox-overlay\">\n\t\t\t\t<div class=\"pp-flipbox-inner\">\n\t\t\t\t\t\n\t\t\t\t\t\t\t\t\t\t\t<h5 class=\"pp-flipbox-heading\">\n\t\t\t\t\t\t\tSi on Jouait\t\t\t\t\t\t<\/h5>\n\t\t\t\t\t\n\t\t\t\t\t<div class=\"pp-flipbox-content\">\n\t\t\t\t\t\tMission : Site internet - Photo - Print\t\t\t\t\t<\/div>\n\n\t\t\t\t\t\t\t\t\t<\/div>\n\t\t\t<\/div>\n\t\t<\/div>\n\t\t\t\t\t<\/div>\n\t\t<\/div>\n\t\t\t\t<\/div>\n\t\t\t\t<\/div>\n\t\t\t\t<div class=\"elementor-element elementor-element-5bdbe6d elementor-widget elementor-widget-pp-flipbox\" data-id=\"5bdbe6d\" data-element_type=\"widget\" data-widget_type=\"pp-flipbox.default\">\n\t\t\t\t<div class=\"elementor-widget-container\">\n\t\t\t\t\t<div class=\"pp-flipbox-container pp-animate-push pp-direction-left\">\n\t\t\t<div class=\"pp-flipbox-flip-card\">\n\t\t\t\t\t\t<div class=\"pp-flipbox-front\">\n\t\t\t<div class=\"pp-flipbox-overlay\">\n\t\t\t\t<div class=\"pp-flipbox-inner\">\n\t\t\t\t\t<div class=\"pp-flipbox-icon-image\">\n\t\t\t\t\t\t\t\t\t\t\t<\/div>\n\n\t\t\t\t\t<h3 class=\"pp-flipbox-heading\">\n\t\t\t\t\t\t\t\t\t\t\t<\/h3>\n\n\t\t\t\t\t<div class=\"pp-flipbox-content\">\n\t\t\t\t\t\t\t\t\t\t\t<\/div>\n\t\t\t\t<\/div>\n\t\t\t<\/div>\n\t\t<\/div>\n\t\t\t\t<div class=\"pp-flipbox-back\">\n\t\t\t\t\t\t\t<a class=\"pp-flipbox-box-link\" href=\"https:\/\/charlotteperrotton.com\/?page_id=571\"><\/a>\n\t\t\t\t\t\t<div class=\"pp-flipbox-overlay\">\n\t\t\t\t<div class=\"pp-flipbox-inner\">\n\t\t\t\t\t\n\t\t\t\t\t\t\t\t\t\t\t<h5 class=\"pp-flipbox-heading\">\n\t\t\t\t\t\t\tRV\t\t\t\t\t\t<\/h5>\n\t\t\t\t\t\n\t\t\t\t\t<div class=\"pp-flipbox-content\">\n\t\t\t\t\t\tMission : Identit\u00e9 visuelle - Print\t\t\t\t\t<\/div>\n\n\t\t\t\t\t\t\t\t\t<\/div>\n\t\t\t<\/div>\n\t\t<\/div>\n\t\t\t\t\t<\/div>\n\t\t<\/div>\n\t\t\t\t<\/div>\n\t\t\t\t<\/div>\n\t\t\t\t<div class=\"elementor-element elementor-element-03588f3 elementor-widget elementor-widget-pp-flipbox\" data-id=\"03588f3\" data-element_type=\"widget\" data-widget_type=\"pp-flipbox.default\">\n\t\t\t\t<div class=\"elementor-widget-container\">\n\t\t\t\t\t<div class=\"pp-flipbox-container pp-animate-push pp-direction-left\">\n\t\t\t<div class=\"pp-flipbox-flip-card\">\n\t\t\t\t\t\t<div class=\"pp-flipbox-front\">\n\t\t\t<div class=\"pp-flipbox-overlay\">\n\t\t\t\t<div class=\"pp-flipbox-inner\">\n\t\t\t\t\t<div class=\"pp-flipbox-icon-image\">\n\t\t\t\t\t\t\t\t\t\t\t<\/div>\n\n\t\t\t\t\t<h3 class=\"pp-flipbox-heading\">\n\t\t\t\t\t\t\t\t\t\t\t<\/h3>\n\n\t\t\t\t\t<div class=\"pp-flipbox-content\">\n\t\t\t\t\t\t\t\t\t\t\t<\/div>\n\t\t\t\t<\/div>\n\t\t\t<\/div>\n\t\t<\/div>\n\t\t\t\t<div class=\"pp-flipbox-back\">\n\t\t\t\t\t\t\t<a class=\"pp-flipbox-box-link\" href=\"https:\/\/charlotteperrotton.com\/?page_id=665\"><\/a>\n\t\t\t\t\t\t<div class=\"pp-flipbox-overlay\">\n\t\t\t\t<div class=\"pp-flipbox-inner\">\n\t\t\t\t\t\n\t\t\t\t\t\t\t\t\t\t\t<h5 class=\"pp-flipbox-heading\">\n\t\t\t\t\t\t\tEvent Branding\t\t\t\t\t\t<\/h5>\n\t\t\t\t\t\n\t\t\t\t\t<div class=\"pp-flipbox-content\">\n\t\t\t\t\t\tMission : Identit\u00e9 visuelle - Digital - Print\t\t\t\t\t<\/div>\n\n\t\t\t\t\t\t\t\t\t<\/div>\n\t\t\t<\/div>\n\t\t<\/div>\n\t\t\t\t\t<\/div>\n\t\t<\/div>\n\t\t\t\t<\/div>\n\t\t\t\t<\/div>\n\t\t\t\t\t<\/div>\n\t\t\t\t<\/div>\n\t\t<div class=\"elementor-element elementor-element-7b48d2f2 e-flex e-con-boxed e-con e-parent\" data-id=\"7b48d2f2\" data-element_type=\"container\" data-settings=\"{&quot;background_background&quot;:&quot;classic&quot;}\">\n\t\t\t\t\t<div class=\"e-con-inner\">\n\t\t<div class=\"elementor-element elementor-element-32937096 e-flex e-con-boxed e-con e-child\" data-id=\"32937096\" data-element_type=\"container\">\n\t\t\t\t\t<div class=\"e-con-inner\">\n\t\t\t\t<div class=\"elementor-element elementor-element-66865258 elementor-widget elementor-widget-heading\" data-id=\"66865258\" data-element_type=\"widget\" data-widget_type=\"heading.default\">\n\t\t\t\t<div class=\"elementor-widget-container\">\n\t\t\t<h2 class=\"elementor-heading-title elementor-size-default\">Parlons de votre prochaine \u00e9volution de marque.<\/h2>\t\t<\/div>\n\t\t\t\t<\/div>\n\t\t\t\t<div class=\"elementor-element elementor-element-5d730f70 elementor-widget elementor-widget-text-editor\" data-id=\"5d730f70\" data-element_type=\"widget\" data-widget_type=\"text-editor.default\">\n\t\t\t\t<div class=\"elementor-widget-container\">\n\t\t\t\t\t\t\t<p>Chaque collaboration d\u00e9bute par un \u00e9change permettant de comprendre vos enjeux, vos ambitions et les opportunit\u00e9s de d\u00e9veloppement de votre marque.<\/p>\t\t\t\t\t\t<\/div>\n\t\t\t\t<\/div>\n\t\t\t\t<div class=\"elementor-element elementor-element-27ffe8e9 elementor-mobile-align-center elementor-align-center elementor-widget elementor-widget-button\" data-id=\"27ffe8e9\" data-element_type=\"widget\" data-widget_type=\"button.default\">\n\t\t\t\t<div class=\"elementor-widget-container\">\n\t\t\t\t\t<div class=\"elementor-button-wrapper\">\n\t\t\t<a class=\"elementor-button elementor-button-link elementor-size-sm\" href=\"https:\/\/charlotteperrotton.com\/?page_id=35\">\n\t\t\t\t\t\t<span class=\"elementor-button-content-wrapper\">\n\t\t\t\t\t\t\t\t\t<span class=\"elementor-button-text\">D\u00e9marrer un projet <\/span>\n\t\t\t\t\t<\/span>\n\t\t\t\t\t<\/a>\n\t\t<\/div>\n\t\t\t\t<\/div>\n\t\t\t\t<\/div>\n\t\t\t\t\t<\/div>\n\t\t\t\t<\/div>\n\t\t\t\t\t<\/div>\n\t\t\t\t<\/div>\n\t\t\t\t<\/div>\n\t\t","protected":false},"excerpt":{"rendered":"<p>Portfolio Gunvor 20 Years Missions : Identit\u00e9 visuelle &#8211; Event branding &#8211; Print &#8211; Digital OYA Greek Food Mission : Branding &#8211; Print &#8211; Photo &#8211; Web design FlowBank Championship Missions : Design graphique &#8211; Print &#8211; Event &#8211; Social media Flowbank Missions : Design graphique &#8211; Print &#8211; Event &#8211; Social media Naksane Mission [&hellip;]<\/p>\n","protected":false},"author":1,"featured_media":729,"parent":0,"menu_order":0,"comment_status":"closed","ping_status":"closed","template":"","meta":{"footnotes":""},"class_list":["post-40","page","type-page","status-publish","has-post-thumbnail","hentry"],"yoast_head":"<!-- This site is optimized with the Yoast SEO plugin v25.9 - https:\/\/yoast.com\/wordpress\/plugins\/seo\/ -->\n<title>Portfolio - Charlotte Design<\/title>\n<meta name=\"description\" content=\"D\u00e9couvrez les projets de branding et d\u2019identit\u00e9 visuelle r\u00e9alis\u00e9s par le studio de direction artistique \u00e0 Gen\u00e8ve.\" \/>\n<meta name=\"robots\" content=\"index, follow, max-snippet:-1, max-image-preview:large, max-video-preview:-1\" \/>\n<link rel=\"canonical\" href=\"https:\/\/charlotteperrotton.com\/?page_id=40\" \/>\n<meta property=\"og:locale\" content=\"en_US\" \/>\n<meta property=\"og:type\" content=\"article\" \/>\n<meta property=\"og:title\" content=\"Portfolio - Charlotte Design\" \/>\n<meta property=\"og:description\" content=\"D\u00e9couvrez les projets de branding et d\u2019identit\u00e9 visuelle r\u00e9alis\u00e9s par le studio de direction artistique \u00e0 Gen\u00e8ve.\" \/>\n<meta property=\"og:url\" content=\"https:\/\/charlotteperrotton.com\/?page_id=40\" \/>\n<meta property=\"og:site_name\" content=\"Charlotte Design\" \/>\n<meta property=\"article:modified_time\" content=\"2026-03-02T13:09:31+00:00\" \/>\n<meta property=\"og:image\" content=\"http:\/\/charlotteperrotton.com\/wp-content\/uploads\/2024\/07\/Abysse-Creation-mockup.jpg\" \/>\n\t<meta property=\"og:image:width\" content=\"1920\" \/>\n\t<meta property=\"og:image:height\" content=\"1340\" \/>\n\t<meta property=\"og:image:type\" content=\"image\/jpeg\" \/>\n<meta name=\"twitter:card\" content=\"summary_large_image\" \/>\n<meta name=\"twitter:label1\" content=\"Est. reading time\" \/>\n\t<meta name=\"twitter:data1\" content=\"1 minute\" \/>\n<script type=\"application\/ld+json\" class=\"yoast-schema-graph\">{\"@context\":\"https:\/\/schema.org\",\"@graph\":[{\"@type\":\"WebPage\",\"@id\":\"https:\/\/charlotteperrotton.com\/?page_id=40\",\"url\":\"https:\/\/charlotteperrotton.com\/?page_id=40\",\"name\":\"Portfolio - Charlotte Design\",\"isPartOf\":{\"@id\":\"https:\/\/charlotteperrotton.com\/#website\"},\"primaryImageOfPage\":{\"@id\":\"https:\/\/charlotteperrotton.com\/?page_id=40#primaryimage\"},\"image\":{\"@id\":\"https:\/\/charlotteperrotton.com\/?page_id=40#primaryimage\"},\"thumbnailUrl\":\"https:\/\/charlotteperrotton.com\/wp-content\/uploads\/2024\/07\/Abysse-Creation-mockup.jpg\",\"datePublished\":\"2024-06-28T14:07:50+00:00\",\"dateModified\":\"2026-03-02T13:09:31+00:00\",\"description\":\"D\u00e9couvrez les projets de branding et d\u2019identit\u00e9 visuelle r\u00e9alis\u00e9s par le studio de direction artistique \u00e0 Gen\u00e8ve.\",\"breadcrumb\":{\"@id\":\"https:\/\/charlotteperrotton.com\/?page_id=40#breadcrumb\"},\"inLanguage\":\"en-US\",\"potentialAction\":[{\"@type\":\"ReadAction\",\"target\":[\"https:\/\/charlotteperrotton.com\/?page_id=40\"]}]},{\"@type\":\"ImageObject\",\"inLanguage\":\"en-US\",\"@id\":\"https:\/\/charlotteperrotton.com\/?page_id=40#primaryimage\",\"url\":\"https:\/\/charlotteperrotton.com\/wp-content\/uploads\/2024\/07\/Abysse-Creation-mockup.jpg\",\"contentUrl\":\"https:\/\/charlotteperrotton.com\/wp-content\/uploads\/2024\/07\/Abysse-Creation-mockup.jpg\",\"width\":1920,\"height\":1340},{\"@type\":\"BreadcrumbList\",\"@id\":\"https:\/\/charlotteperrotton.com\/?page_id=40#breadcrumb\",\"itemListElement\":[{\"@type\":\"ListItem\",\"position\":1,\"name\":\"Accueil\",\"item\":\"https:\/\/charlotteperrotton.com\/\"},{\"@type\":\"ListItem\",\"position\":2,\"name\":\"Portfolio\"}]},{\"@type\":\"WebSite\",\"@id\":\"https:\/\/charlotteperrotton.com\/#website\",\"url\":\"https:\/\/charlotteperrotton.com\/\",\"name\":\"Charlotte Perrotton Design\",\"description\":\"Brand Designer\",\"potentialAction\":[{\"@type\":\"SearchAction\",\"target\":{\"@type\":\"EntryPoint\",\"urlTemplate\":\"https:\/\/charlotteperrotton.com\/?s={search_term_string}\"},\"query-input\":{\"@type\":\"PropertyValueSpecification\",\"valueRequired\":true,\"valueName\":\"search_term_string\"}}],\"inLanguage\":\"en-US\"}]}<\/script>\n<!-- \/ Yoast SEO plugin. -->","yoast_head_json":{"title":"Portfolio - Charlotte Design","description":"D\u00e9couvrez les projets de branding et d\u2019identit\u00e9 visuelle r\u00e9alis\u00e9s par le studio de direction artistique \u00e0 Gen\u00e8ve.","robots":{"index":"index","follow":"follow","max-snippet":"max-snippet:-1","max-image-preview":"max-image-preview:large","max-video-preview":"max-video-preview:-1"},"canonical":"https:\/\/charlotteperrotton.com\/?page_id=40","og_locale":"en_US","og_type":"article","og_title":"Portfolio - Charlotte Design","og_description":"D\u00e9couvrez les projets de branding et d\u2019identit\u00e9 visuelle r\u00e9alis\u00e9s par le studio de direction artistique \u00e0 Gen\u00e8ve.","og_url":"https:\/\/charlotteperrotton.com\/?page_id=40","og_site_name":"Charlotte Design","article_modified_time":"2026-03-02T13:09:31+00:00","og_image":[{"width":1920,"height":1340,"url":"http:\/\/charlotteperrotton.com\/wp-content\/uploads\/2024\/07\/Abysse-Creation-mockup.jpg","type":"image\/jpeg"}],"twitter_card":"summary_large_image","twitter_misc":{"Est. reading time":"1 minute"},"schema":{"@context":"https:\/\/schema.org","@graph":[{"@type":"WebPage","@id":"https:\/\/charlotteperrotton.com\/?page_id=40","url":"https:\/\/charlotteperrotton.com\/?page_id=40","name":"Portfolio - Charlotte Design","isPartOf":{"@id":"https:\/\/charlotteperrotton.com\/#website"},"primaryImageOfPage":{"@id":"https:\/\/charlotteperrotton.com\/?page_id=40#primaryimage"},"image":{"@id":"https:\/\/charlotteperrotton.com\/?page_id=40#primaryimage"},"thumbnailUrl":"https:\/\/charlotteperrotton.com\/wp-content\/uploads\/2024\/07\/Abysse-Creation-mockup.jpg","datePublished":"2024-06-28T14:07:50+00:00","dateModified":"2026-03-02T13:09:31+00:00","description":"D\u00e9couvrez les projets de branding et d\u2019identit\u00e9 visuelle r\u00e9alis\u00e9s par le studio de direction artistique \u00e0 Gen\u00e8ve.","breadcrumb":{"@id":"https:\/\/charlotteperrotton.com\/?page_id=40#breadcrumb"},"inLanguage":"en-US","potentialAction":[{"@type":"ReadAction","target":["https:\/\/charlotteperrotton.com\/?page_id=40"]}]},{"@type":"ImageObject","inLanguage":"en-US","@id":"https:\/\/charlotteperrotton.com\/?page_id=40#primaryimage","url":"https:\/\/charlotteperrotton.com\/wp-content\/uploads\/2024\/07\/Abysse-Creation-mockup.jpg","contentUrl":"https:\/\/charlotteperrotton.com\/wp-content\/uploads\/2024\/07\/Abysse-Creation-mockup.jpg","width":1920,"height":1340},{"@type":"BreadcrumbList","@id":"https:\/\/charlotteperrotton.com\/?page_id=40#breadcrumb","itemListElement":[{"@type":"ListItem","position":1,"name":"Accueil","item":"https:\/\/charlotteperrotton.com\/"},{"@type":"ListItem","position":2,"name":"Portfolio"}]},{"@type":"WebSite","@id":"https:\/\/charlotteperrotton.com\/#website","url":"https:\/\/charlotteperrotton.com\/","name":"Charlotte Perrotton Design","description":"Brand Designer","potentialAction":[{"@type":"SearchAction","target":{"@type":"EntryPoint","urlTemplate":"https:\/\/charlotteperrotton.com\/?s={search_term_string}"},"query-input":{"@type":"PropertyValueSpecification","valueRequired":true,"valueName":"search_term_string"}}],"inLanguage":"en-US"}]}},"_links":{"self":[{"href":"https:\/\/charlotteperrotton.com\/index.php?rest_route=\/wp\/v2\/pages\/40","targetHints":{"allow":["GET"]}}],"collection":[{"href":"https:\/\/charlotteperrotton.com\/index.php?rest_route=\/wp\/v2\/pages"}],"about":[{"href":"https:\/\/charlotteperrotton.com\/index.php?rest_route=\/wp\/v2\/types\/page"}],"author":[{"embeddable":true,"href":"https:\/\/charlotteperrotton.com\/index.php?rest_route=\/wp\/v2\/users\/1"}],"replies":[{"embeddable":true,"href":"https:\/\/charlotteperrotton.com\/index.php?rest_route=%2Fwp%2Fv2%2Fcomments&post=40"}],"version-history":[{"count":180,"href":"https:\/\/charlotteperrotton.com\/index.php?rest_route=\/wp\/v2\/pages\/40\/revisions"}],"predecessor-version":[{"id":2393,"href":"https:\/\/charlotteperrotton.com\/index.php?rest_route=\/wp\/v2\/pages\/40\/revisions\/2393"}],"wp:featuredmedia":[{"embeddable":true,"href":"https:\/\/charlotteperrotton.com\/index.php?rest_route=\/wp\/v2\/media\/729"}],"wp:attachment":[{"href":"https:\/\/charlotteperrotton.com\/index.php?rest_route=%2Fwp%2Fv2%2Fmedia&parent=40"}],"curies":[{"name":"wp","href":"https:\/\/api.w.org\/{rel}","templated":true}]}}