{"id":621,"date":"2024-07-02T20:08:18","date_gmt":"2024-07-02T18:08:18","guid":{"rendered":"https:\/\/charlotteperrotton.com\/?page_id=621"},"modified":"2026-03-02T14:27:01","modified_gmt":"2026-03-02T13:27:01","slug":"senses-food","status":"publish","type":"page","link":"https:\/\/charlotteperrotton.com\/?page_id=621","title":{"rendered":""},"content":{"rendered":"\t\t<div data-elementor-type=\"wp-page\" data-elementor-id=\"621\" class=\"elementor elementor-621\" data-elementor-post-type=\"page\">\n\t\t\t\t<div class=\"elementor-element elementor-element-573c5059 e-flex e-con-boxed e-con e-parent\" data-id=\"573c5059\" data-element_type=\"container\" data-settings=\"{&quot;background_background&quot;:&quot;classic&quot;}\">\n\t\t\t\t\t<div class=\"e-con-inner\">\n\t\t\t\t<div class=\"elementor-element elementor-element-79b135bc elementor-widget elementor-widget-heading\" data-id=\"79b135bc\" data-element_type=\"widget\" data-widget_type=\"heading.default\">\n\t\t\t\t<div class=\"elementor-widget-container\">\n\t\t\t<h1 class=\"elementor-heading-title elementor-size-default\">Senses Food<\/h1>\t\t<\/div>\n\t\t\t\t<\/div>\n\t\t\t\t\t<\/div>\n\t\t\t\t<\/div>\n\t\t<div class=\"elementor-element elementor-element-31a40c91 e-flex e-con-boxed e-con e-parent\" data-id=\"31a40c91\" data-element_type=\"container\">\n\t\t\t\t\t<div class=\"e-con-inner\">\n\t\t\t\t<div class=\"elementor-element elementor-element-2794c025 elementor-widget__width-inherit elementor-widget elementor-widget-image\" data-id=\"2794c025\" data-element_type=\"widget\" data-widget_type=\"image.default\">\n\t\t\t\t<div class=\"elementor-widget-container\">\n\t\t\t\t\t\t\t\t\t\t\t\t\t<img fetchpriority=\"high\" decoding=\"async\" width=\"1392\" height=\"2560\" src=\"https:\/\/charlotteperrotton.com\/wp-content\/uploads\/2024\/07\/portfolio-scaled.jpg\" class=\"attachment-full size-full wp-image-624\" alt=\"\" srcset=\"https:\/\/charlotteperrotton.com\/wp-content\/uploads\/2024\/07\/portfolio-scaled.jpg 1392w, https:\/\/charlotteperrotton.com\/wp-content\/uploads\/2024\/07\/portfolio-163x300.jpg 163w, https:\/\/charlotteperrotton.com\/wp-content\/uploads\/2024\/07\/portfolio-557x1024.jpg 557w, https:\/\/charlotteperrotton.com\/wp-content\/uploads\/2024\/07\/portfolio-768x1412.jpg 768w, https:\/\/charlotteperrotton.com\/wp-content\/uploads\/2024\/07\/portfolio-835x1536.jpg 835w, https:\/\/charlotteperrotton.com\/wp-content\/uploads\/2024\/07\/portfolio-1114x2048.jpg 1114w\" sizes=\"(max-width: 1392px) 100vw, 1392px\" \/>\t\t\t\t\t\t\t\t\t\t\t\t\t<\/div>\n\t\t\t\t<\/div>\n\t\t\t\t\t<\/div>\n\t\t\t\t<\/div>\n\t\t<div class=\"elementor-element elementor-element-5a975519 e-flex e-con-boxed e-con e-parent\" data-id=\"5a975519\" data-element_type=\"container\">\n\t\t\t\t\t<div class=\"e-con-inner\">\n\t\t\t\t<div class=\"elementor-element elementor-element-18784157 elementor-shape-circle elementor-grid-0 e-grid-align-center elementor-widget elementor-widget-social-icons\" data-id=\"18784157\" data-element_type=\"widget\" data-widget_type=\"social-icons.default\">\n\t\t\t\t<div class=\"elementor-widget-container\">\n\t\t\t\t\t<div class=\"elementor-social-icons-wrapper elementor-grid\">\n\t\t\t\t\t\t\t<span class=\"elementor-grid-item\">\n\t\t\t\t\t<a class=\"elementor-icon elementor-social-icon elementor-social-icon-linkedin elementor-repeater-item-59d9908\" href=\"https:\/\/www.linkedin.com\/in\/charlotte-perrotton-480ba913a\/\" target=\"_blank\">\n\t\t\t\t\t\t<span class=\"elementor-screen-only\">Linkedin<\/span>\n\t\t\t\t\t\t<svg class=\"e-font-icon-svg e-fab-linkedin\" viewBox=\"0 0 448 512\" xmlns=\"http:\/\/www.w3.org\/2000\/svg\"><path d=\"M416 32H31.9C14.3 32 0 46.5 0 64.3v383.4C0 465.5 14.3 480 31.9 480H416c17.6 0 32-14.5 32-32.3V64.3c0-17.8-14.4-32.3-32-32.3zM135.4 416H69V202.2h66.5V416zm-33.2-243c-21.3 0-38.5-17.3-38.5-38.5S80.9 96 102.2 96c21.2 0 38.5 17.3 38.5 38.5 0 21.3-17.2 38.5-38.5 38.5zm282.1 243h-66.4V312c0-24.8-.5-56.7-34.5-56.7-34.6 0-39.9 27-39.9 54.9V416h-66.4V202.2h63.7v29.2h.9c8.9-16.8 30.6-34.5 62.9-34.5 67.2 0 79.7 44.3 79.7 101.9V416z\"><\/path><\/svg>\t\t\t\t\t<\/a>\n\t\t\t\t<\/span>\n\t\t\t\t\t\t\t<span class=\"elementor-grid-item\">\n\t\t\t\t\t<a class=\"elementor-icon elementor-social-icon elementor-social-icon-youtube elementor-repeater-item-e379fb3\" href=\"https:\/\/www.youtube.com\/@charlotteperrotton6009\" target=\"_blank\">\n\t\t\t\t\t\t<span class=\"elementor-screen-only\">Youtube<\/span>\n\t\t\t\t\t\t<svg class=\"e-font-icon-svg e-fab-youtube\" viewBox=\"0 0 576 512\" xmlns=\"http:\/\/www.w3.org\/2000\/svg\"><path d=\"M549.655 124.083c-6.281-23.65-24.787-42.276-48.284-48.597C458.781 64 288 64 288 64S117.22 64 74.629 75.486c-23.497 6.322-42.003 24.947-48.284 48.597-11.412 42.867-11.412 132.305-11.412 132.305s0 89.438 11.412 132.305c6.281 23.65 24.787 41.5 48.284 47.821C117.22 448 288 448 288 448s170.78 0 213.371-11.486c23.497-6.321 42.003-24.171 48.284-47.821 11.412-42.867 11.412-132.305 11.412-132.305s0-89.438-11.412-132.305zm-317.51 213.508V175.185l142.739 81.205-142.739 81.201z\"><\/path><\/svg>\t\t\t\t\t<\/a>\n\t\t\t\t<\/span>\n\t\t\t\t\t\t\t<span class=\"elementor-grid-item\">\n\t\t\t\t\t<a class=\"elementor-icon elementor-social-icon elementor-social-icon-instagram elementor-repeater-item-7eb50fe\" href=\"https:\/\/www.instagram.com\/charlotte_perrotton\/\" target=\"_blank\">\n\t\t\t\t\t\t<span class=\"elementor-screen-only\">Instagram<\/span>\n\t\t\t\t\t\t<svg class=\"e-font-icon-svg e-fab-instagram\" viewBox=\"0 0 448 512\" xmlns=\"http:\/\/www.w3.org\/2000\/svg\"><path d=\"M224.1 141c-63.6 0-114.9 51.3-114.9 114.9s51.3 114.9 114.9 114.9S339 319.5 339 255.9 287.7 141 224.1 141zm0 189.6c-41.1 0-74.7-33.5-74.7-74.7s33.5-74.7 74.7-74.7 74.7 33.5 74.7 74.7-33.6 74.7-74.7 74.7zm146.4-194.3c0 14.9-12 26.8-26.8 26.8-14.9 0-26.8-12-26.8-26.8s12-26.8 26.8-26.8 26.8 12 26.8 26.8zm76.1 27.2c-1.7-35.9-9.9-67.7-36.2-93.9-26.2-26.2-58-34.4-93.9-36.2-37-2.1-147.9-2.1-184.9 0-35.8 1.7-67.6 9.9-93.9 36.1s-34.4 58-36.2 93.9c-2.1 37-2.1 147.9 0 184.9 1.7 35.9 9.9 67.7 36.2 93.9s58 34.4 93.9 36.2c37 2.1 147.9 2.1 184.9 0 35.9-1.7 67.7-9.9 93.9-36.2 26.2-26.2 34.4-58 36.2-93.9 2.1-37 2.1-147.8 0-184.8zM398.8 388c-7.8 19.6-22.9 34.7-42.6 42.6-29.5 11.7-99.5 9-132.1 9s-102.7 2.6-132.1-9c-19.6-7.8-34.7-22.9-42.6-42.6-11.7-29.5-9-99.5-9-132.1s-2.6-102.7 9-132.1c7.8-19.6 22.9-34.7 42.6-42.6 29.5-11.7 99.5-9 132.1-9s102.7-2.6 132.1 9c19.6 7.8 34.7 22.9 42.6 42.6 11.7 29.5 9 99.5 9 132.1s2.7 102.7-9 132.1z\"><\/path><\/svg>\t\t\t\t\t<\/a>\n\t\t\t\t<\/span>\n\t\t\t\t\t<\/div>\n\t\t\t\t<\/div>\n\t\t\t\t<\/div>\n\t\t\t\t<div class=\"elementor-element elementor-element-559b713d elementor-widget elementor-widget-heading\" data-id=\"559b713d\" data-element_type=\"widget\" data-widget_type=\"heading.default\">\n\t\t\t\t<div class=\"elementor-widget-container\">\n\t\t\t<p class=\"elementor-heading-title elementor-size-default\">\u00a9 Charlotte Perrotton \u2013 All rights reserved.<\/p>\t\t<\/div>\n\t\t\t\t<\/div>\n\t\t\t\t\t<\/div>\n\t\t\t\t<\/div>\n\t\t\t\t<\/div>\n\t\t","protected":false},"excerpt":{"rendered":"<p>Senses Food Linkedin Youtube Instagram \u00a9 Charlotte Perrotton \u2013 All rights reserved.<\/p>\n","protected":false},"author":1,"featured_media":831,"parent":0,"menu_order":0,"comment_status":"closed","ping_status":"closed","template":"","meta":{"footnotes":""},"class_list":["post-621","page","type-page","status-publish","has-post-thumbnail","hentry"],"yoast_head":"<!-- This site is optimized with the Yoast SEO plugin v25.9 - https:\/\/yoast.com\/wordpress\/plugins\/seo\/ -->\n<title>Senses Food - Charlotte Design<\/title>\n<meta name=\"description\" content=\"Cr\u00e9ation d\u2019identit\u00e9 visuelle pour Senses Food, projet culinaire d\u00e9velopp\u00e9 par Charlotte Design, studio de branding \u00e0 Gen\u00e8ve.\" \/>\n<meta name=\"robots\" content=\"index, follow, max-snippet:-1, max-image-preview:large, max-video-preview:-1\" \/>\n<link rel=\"canonical\" href=\"https:\/\/charlotteperrotton.com\/?page_id=621\" \/>\n<meta property=\"og:locale\" content=\"en_US\" \/>\n<meta property=\"og:type\" content=\"article\" \/>\n<meta property=\"og:title\" content=\"Senses Food - Charlotte Design\" \/>\n<meta property=\"og:description\" content=\"Cr\u00e9ation d\u2019identit\u00e9 visuelle pour Senses Food, projet culinaire d\u00e9velopp\u00e9 par Charlotte Design, studio de branding \u00e0 Gen\u00e8ve.\" \/>\n<meta property=\"og:url\" content=\"https:\/\/charlotteperrotton.com\/?page_id=621\" \/>\n<meta property=\"og:site_name\" content=\"Charlotte Design\" \/>\n<meta property=\"article:modified_time\" content=\"2026-03-02T13:27:01+00:00\" \/>\n<meta property=\"og:image\" content=\"http:\/\/charlotteperrotton.com\/wp-content\/uploads\/2024\/07\/senses-food-cover.jpg\" \/>\n\t<meta property=\"og:image:width\" content=\"800\" \/>\n\t<meta property=\"og:image:height\" content=\"499\" \/>\n\t<meta property=\"og:image:type\" content=\"image\/jpeg\" \/>\n<meta name=\"twitter:card\" content=\"summary_large_image\" \/>\n<meta name=\"twitter:label1\" content=\"Est. reading time\" \/>\n\t<meta name=\"twitter:data1\" content=\"1 minute\" \/>\n<script type=\"application\/ld+json\" class=\"yoast-schema-graph\">{\"@context\":\"https:\/\/schema.org\",\"@graph\":[{\"@type\":\"WebPage\",\"@id\":\"https:\/\/charlotteperrotton.com\/?page_id=621\",\"url\":\"https:\/\/charlotteperrotton.com\/?page_id=621\",\"name\":\"Senses Food - Charlotte Design\",\"isPartOf\":{\"@id\":\"https:\/\/charlotteperrotton.com\/#website\"},\"primaryImageOfPage\":{\"@id\":\"https:\/\/charlotteperrotton.com\/?page_id=621#primaryimage\"},\"image\":{\"@id\":\"https:\/\/charlotteperrotton.com\/?page_id=621#primaryimage\"},\"thumbnailUrl\":\"https:\/\/charlotteperrotton.com\/wp-content\/uploads\/2024\/07\/senses-food-cover.jpg\",\"datePublished\":\"2024-07-02T18:08:18+00:00\",\"dateModified\":\"2026-03-02T13:27:01+00:00\",\"description\":\"Cr\u00e9ation d\u2019identit\u00e9 visuelle pour Senses Food, projet culinaire d\u00e9velopp\u00e9 par Charlotte Design, studio de branding \u00e0 Gen\u00e8ve.\",\"breadcrumb\":{\"@id\":\"https:\/\/charlotteperrotton.com\/?page_id=621#breadcrumb\"},\"inLanguage\":\"en-US\",\"potentialAction\":[{\"@type\":\"ReadAction\",\"target\":[\"https:\/\/charlotteperrotton.com\/?page_id=621\"]}]},{\"@type\":\"ImageObject\",\"inLanguage\":\"en-US\",\"@id\":\"https:\/\/charlotteperrotton.com\/?page_id=621#primaryimage\",\"url\":\"https:\/\/charlotteperrotton.com\/wp-content\/uploads\/2024\/07\/senses-food-cover.jpg\",\"contentUrl\":\"https:\/\/charlotteperrotton.com\/wp-content\/uploads\/2024\/07\/senses-food-cover.jpg\",\"width\":800,\"height\":499},{\"@type\":\"BreadcrumbList\",\"@id\":\"https:\/\/charlotteperrotton.com\/?page_id=621#breadcrumb\",\"itemListElement\":[{\"@type\":\"ListItem\",\"position\":1,\"name\":\"Accueil\",\"item\":\"https:\/\/charlotteperrotton.com\/\"},{\"@type\":\"ListItem\",\"position\":2,\"name\":\"Senses Food\"}]},{\"@type\":\"WebSite\",\"@id\":\"https:\/\/charlotteperrotton.com\/#website\",\"url\":\"https:\/\/charlotteperrotton.com\/\",\"name\":\"Charlotte Perrotton Design\",\"description\":\"Brand Designer\",\"potentialAction\":[{\"@type\":\"SearchAction\",\"target\":{\"@type\":\"EntryPoint\",\"urlTemplate\":\"https:\/\/charlotteperrotton.com\/?s={search_term_string}\"},\"query-input\":{\"@type\":\"PropertyValueSpecification\",\"valueRequired\":true,\"valueName\":\"search_term_string\"}}],\"inLanguage\":\"en-US\"}]}<\/script>\n<!-- \/ Yoast SEO plugin. -->","yoast_head_json":{"title":"Senses Food - Charlotte Design","description":"Cr\u00e9ation d\u2019identit\u00e9 visuelle pour Senses Food, projet culinaire d\u00e9velopp\u00e9 par Charlotte Design, studio de branding \u00e0 Gen\u00e8ve.","robots":{"index":"index","follow":"follow","max-snippet":"max-snippet:-1","max-image-preview":"max-image-preview:large","max-video-preview":"max-video-preview:-1"},"canonical":"https:\/\/charlotteperrotton.com\/?page_id=621","og_locale":"en_US","og_type":"article","og_title":"Senses Food - Charlotte Design","og_description":"Cr\u00e9ation d\u2019identit\u00e9 visuelle pour Senses Food, projet culinaire d\u00e9velopp\u00e9 par Charlotte Design, studio de branding \u00e0 Gen\u00e8ve.","og_url":"https:\/\/charlotteperrotton.com\/?page_id=621","og_site_name":"Charlotte Design","article_modified_time":"2026-03-02T13:27:01+00:00","og_image":[{"width":800,"height":499,"url":"http:\/\/charlotteperrotton.com\/wp-content\/uploads\/2024\/07\/senses-food-cover.jpg","type":"image\/jpeg"}],"twitter_card":"summary_large_image","twitter_misc":{"Est. reading time":"1 minute"},"schema":{"@context":"https:\/\/schema.org","@graph":[{"@type":"WebPage","@id":"https:\/\/charlotteperrotton.com\/?page_id=621","url":"https:\/\/charlotteperrotton.com\/?page_id=621","name":"Senses Food - Charlotte Design","isPartOf":{"@id":"https:\/\/charlotteperrotton.com\/#website"},"primaryImageOfPage":{"@id":"https:\/\/charlotteperrotton.com\/?page_id=621#primaryimage"},"image":{"@id":"https:\/\/charlotteperrotton.com\/?page_id=621#primaryimage"},"thumbnailUrl":"https:\/\/charlotteperrotton.com\/wp-content\/uploads\/2024\/07\/senses-food-cover.jpg","datePublished":"2024-07-02T18:08:18+00:00","dateModified":"2026-03-02T13:27:01+00:00","description":"Cr\u00e9ation d\u2019identit\u00e9 visuelle pour Senses Food, projet culinaire d\u00e9velopp\u00e9 par Charlotte Design, studio de branding \u00e0 Gen\u00e8ve.","breadcrumb":{"@id":"https:\/\/charlotteperrotton.com\/?page_id=621#breadcrumb"},"inLanguage":"en-US","potentialAction":[{"@type":"ReadAction","target":["https:\/\/charlotteperrotton.com\/?page_id=621"]}]},{"@type":"ImageObject","inLanguage":"en-US","@id":"https:\/\/charlotteperrotton.com\/?page_id=621#primaryimage","url":"https:\/\/charlotteperrotton.com\/wp-content\/uploads\/2024\/07\/senses-food-cover.jpg","contentUrl":"https:\/\/charlotteperrotton.com\/wp-content\/uploads\/2024\/07\/senses-food-cover.jpg","width":800,"height":499},{"@type":"BreadcrumbList","@id":"https:\/\/charlotteperrotton.com\/?page_id=621#breadcrumb","itemListElement":[{"@type":"ListItem","position":1,"name":"Accueil","item":"https:\/\/charlotteperrotton.com\/"},{"@type":"ListItem","position":2,"name":"Senses Food"}]},{"@type":"WebSite","@id":"https:\/\/charlotteperrotton.com\/#website","url":"https:\/\/charlotteperrotton.com\/","name":"Charlotte Perrotton Design","description":"Brand Designer","potentialAction":[{"@type":"SearchAction","target":{"@type":"EntryPoint","urlTemplate":"https:\/\/charlotteperrotton.com\/?s={search_term_string}"},"query-input":{"@type":"PropertyValueSpecification","valueRequired":true,"valueName":"search_term_string"}}],"inLanguage":"en-US"}]}},"_links":{"self":[{"href":"https:\/\/charlotteperrotton.com\/index.php?rest_route=\/wp\/v2\/pages\/621","targetHints":{"allow":["GET"]}}],"collection":[{"href":"https:\/\/charlotteperrotton.com\/index.php?rest_route=\/wp\/v2\/pages"}],"about":[{"href":"https:\/\/charlotteperrotton.com\/index.php?rest_route=\/wp\/v2\/types\/page"}],"author":[{"embeddable":true,"href":"https:\/\/charlotteperrotton.com\/index.php?rest_route=\/wp\/v2\/users\/1"}],"replies":[{"embeddable":true,"href":"https:\/\/charlotteperrotton.com\/index.php?rest_route=%2Fwp%2Fv2%2Fcomments&post=621"}],"version-history":[{"count":10,"href":"https:\/\/charlotteperrotton.com\/index.php?rest_route=\/wp\/v2\/pages\/621\/revisions"}],"predecessor-version":[{"id":777,"href":"https:\/\/charlotteperrotton.com\/index.php?rest_route=\/wp\/v2\/pages\/621\/revisions\/777"}],"wp:featuredmedia":[{"embeddable":true,"href":"https:\/\/charlotteperrotton.com\/index.php?rest_route=\/wp\/v2\/media\/831"}],"wp:attachment":[{"href":"https:\/\/charlotteperrotton.com\/index.php?rest_route=%2Fwp%2Fv2%2Fmedia&parent=621"}],"curies":[{"name":"wp","href":"https:\/\/api.w.org\/{rel}","templated":true}]}}