{"id":650,"date":"2024-07-02T20:29:30","date_gmt":"2024-07-02T18:29:30","guid":{"rendered":"https:\/\/charlotteperrotton.com\/?page_id=650"},"modified":"2026-02-23T19:40:08","modified_gmt":"2026-02-23T18:40:08","slug":"solid","status":"publish","type":"page","link":"https:\/\/charlotteperrotton.com\/?page_id=650","title":{"rendered":"Solid"},"content":{"rendered":"\t\t<div data-elementor-type=\"wp-page\" data-elementor-id=\"650\" class=\"elementor elementor-650\" data-elementor-post-type=\"page\">\n\t\t\t\t<div class=\"elementor-element elementor-element-b081775 e-con-full e-flex e-con e-parent\" data-id=\"b081775\" data-element_type=\"container\" data-settings=\"{&quot;background_background&quot;:&quot;classic&quot;}\">\n\t\t\t\t<\/div>\n\t\t<div class=\"elementor-element elementor-element-9a59f9c e-flex e-con-boxed e-con e-parent\" data-id=\"9a59f9c\" data-element_type=\"container\">\n\t\t\t\t\t<div class=\"e-con-inner\">\n\t\t<div class=\"elementor-element elementor-element-514b565 e-con-full e-flex e-con e-child\" data-id=\"514b565\" data-element_type=\"container\">\n\t\t\t\t<div class=\"elementor-element elementor-element-2761eb0 elementor-widget elementor-widget-heading\" data-id=\"2761eb0\" data-element_type=\"widget\" data-widget_type=\"heading.default\">\n\t\t\t\t<div class=\"elementor-widget-container\">\n\t\t\t<h2 class=\"elementor-heading-title elementor-size-default\">Refonte graphique &amp; cr\u00e9ation du site web<\/h2>\t\t<\/div>\n\t\t\t\t<\/div>\n\t\t\t\t<div class=\"elementor-element elementor-element-aac102a elementor-widget elementor-widget-text-editor\" data-id=\"aac102a\" data-element_type=\"widget\" data-widget_type=\"text-editor.default\">\n\t\t\t\t<div class=\"elementor-widget-container\">\n\t\t\t\t\t\t\t<p data-start=\"46\" data-end=\"125\">Objectif : transformer l\u2019identit\u00e9 visuelle en levier de performance digitale.<\/p><p data-start=\"127\" data-end=\"409\">Une refonte UX\/UI compl\u00e8te a permis d\u2019optimiser les parcours utilisateurs, clarifier le positionnement et renforcer l\u2019impact des messages cl\u00e9s. La nouvelle charte graphique a \u00e9t\u00e9 pens\u00e9e pour am\u00e9liorer la lisibilit\u00e9, structurer les contenus et soutenir les objectifs de conversion.<\/p><p data-start=\"411\" data-end=\"540\" data-is-last-node=\"\" data-is-only-node=\"\">Conception sur Figma, int\u00e9gration WordPress optimis\u00e9e (performance, responsivit\u00e9, SEO) pour une mise en ligne fluide et efficace.<\/p>\t\t\t\t\t\t<\/div>\n\t\t\t\t<\/div>\n\t\t\t\t<\/div>\n\t\t<div class=\"elementor-element elementor-element-97d6067 e-con-full e-flex e-con e-child\" data-id=\"97d6067\" data-element_type=\"container\">\n\t\t\t\t<div class=\"elementor-element elementor-element-13a595c elementor-widget elementor-widget-video\" data-id=\"13a595c\" data-element_type=\"widget\" data-settings=\"{&quot;video_type&quot;:&quot;hosted&quot;,&quot;autoplay&quot;:&quot;yes&quot;,&quot;mute&quot;:&quot;yes&quot;,&quot;loop&quot;:&quot;yes&quot;}\" data-widget_type=\"video.default\">\n\t\t\t\t<div class=\"elementor-widget-container\">\n\t\t\t\t\t<div class=\"e-hosted-video elementor-wrapper elementor-open-inline\">\n\t\t\t\t\t<video class=\"elementor-video\" src=\"http:\/\/charlotteperrotton.com\/wp-content\/uploads\/2026\/02\/Sans-titre.mp4\" autoplay=\"\" loop=\"\" muted=\"muted\" controlsList=\"nodownload\"><\/video>\n\t\t\t\t<\/div>\n\t\t\t\t<\/div>\n\t\t\t\t<\/div>\n\t\t\t\t<\/div>\n\t\t\t\t\t<\/div>\n\t\t\t\t<\/div>\n\t\t<div class=\"elementor-element elementor-element-25d9a03 e-flex e-con-boxed e-con e-parent\" data-id=\"25d9a03\" data-element_type=\"container\">\n\t\t\t\t\t<div class=\"e-con-inner\">\n\t\t\t\t<div class=\"elementor-element elementor-element-5c57480 elementor-widget elementor-widget-video\" data-id=\"5c57480\" data-element_type=\"widget\" data-settings=\"{&quot;youtube_url&quot;:&quot;https:\\\/\\\/www.youtube.com\\\/watch?v=ub6fwiZq_ck&quot;,&quot;video_type&quot;:&quot;youtube&quot;,&quot;controls&quot;:&quot;yes&quot;}\" data-widget_type=\"video.default\">\n\t\t\t\t<div class=\"elementor-widget-container\">\n\t\t\t\t\t<div class=\"elementor-wrapper elementor-open-inline\">\n\t\t\t<div class=\"elementor-video\"><\/div>\t\t<\/div>\n\t\t\t\t<\/div>\n\t\t\t\t<\/div>\n\t\t\t\t\t<\/div>\n\t\t\t\t<\/div>\n\t\t<div class=\"elementor-element elementor-element-b50af90 e-flex e-con-boxed e-con e-parent\" data-id=\"b50af90\" data-element_type=\"container\">\n\t\t\t\t\t<div class=\"e-con-inner\">\n\t\t\t\t<div class=\"elementor-element elementor-element-0e53939 elementor-widget elementor-widget-image\" data-id=\"0e53939\" data-element_type=\"widget\" data-widget_type=\"image.default\">\n\t\t\t\t<div class=\"elementor-widget-container\">\n\t\t\t\t\t\t\t\t\t\t\t\t\t<img fetchpriority=\"high\" decoding=\"async\" width=\"1728\" height=\"2175\" src=\"https:\/\/charlotteperrotton.com\/wp-content\/uploads\/2025\/10\/Solid-home-page.jpg\" class=\"attachment-full size-full wp-image-1673\" alt=\"\" srcset=\"https:\/\/charlotteperrotton.com\/wp-content\/uploads\/2025\/10\/Solid-home-page.jpg 1728w, https:\/\/charlotteperrotton.com\/wp-content\/uploads\/2025\/10\/Solid-home-page-238x300.jpg 238w, https:\/\/charlotteperrotton.com\/wp-content\/uploads\/2025\/10\/Solid-home-page-814x1024.jpg 814w, https:\/\/charlotteperrotton.com\/wp-content\/uploads\/2025\/10\/Solid-home-page-768x967.jpg 768w, https:\/\/charlotteperrotton.com\/wp-content\/uploads\/2025\/10\/Solid-home-page-1220x1536.jpg 1220w, https:\/\/charlotteperrotton.com\/wp-content\/uploads\/2025\/10\/Solid-home-page-1627x2048.jpg 1627w\" sizes=\"(max-width: 1728px) 100vw, 1728px\" \/>\t\t\t\t\t\t\t\t\t\t\t\t\t<\/div>\n\t\t\t\t<\/div>\n\t\t\t\t\t<\/div>\n\t\t\t\t<\/div>\n\t\t<div class=\"elementor-element elementor-element-471c36f e-flex e-con-boxed e-con e-parent\" data-id=\"471c36f\" data-element_type=\"container\">\n\t\t\t\t\t<div class=\"e-con-inner\">\n\t\t\t\t<div class=\"elementor-element elementor-element-a39bffe elementor-widget elementor-widget-image\" data-id=\"a39bffe\" data-element_type=\"widget\" data-widget_type=\"image.default\">\n\t\t\t\t<div class=\"elementor-widget-container\">\n\t\t\t\t\t\t\t\t\t\t\t\t\t<img decoding=\"async\" width=\"800\" height=\"384\" src=\"https:\/\/charlotteperrotton.com\/wp-content\/uploads\/2025\/10\/Solid-Pages-1024x492.jpg\" class=\"attachment-large size-large wp-image-1677\" alt=\"\" srcset=\"https:\/\/charlotteperrotton.com\/wp-content\/uploads\/2025\/10\/Solid-Pages-1024x492.jpg 1024w, https:\/\/charlotteperrotton.com\/wp-content\/uploads\/2025\/10\/Solid-Pages-300x144.jpg 300w, https:\/\/charlotteperrotton.com\/wp-content\/uploads\/2025\/10\/Solid-Pages-768x369.jpg 768w, https:\/\/charlotteperrotton.com\/wp-content\/uploads\/2025\/10\/Solid-Pages-1536x738.jpg 1536w, https:\/\/charlotteperrotton.com\/wp-content\/uploads\/2025\/10\/Solid-Pages.jpg 1728w\" sizes=\"(max-width: 800px) 100vw, 800px\" \/>\t\t\t\t\t\t\t\t\t\t\t\t\t<\/div>\n\t\t\t\t<\/div>\n\t\t\t\t\t<\/div>\n\t\t\t\t<\/div>\n\t\t<div class=\"elementor-element elementor-element-4a9b612c e-flex e-con-boxed e-con e-parent\" data-id=\"4a9b612c\" data-element_type=\"container\" data-settings=\"{&quot;background_background&quot;:&quot;classic&quot;}\">\n\t\t\t\t\t<div class=\"e-con-inner\">\n\t\t<div class=\"elementor-element elementor-element-76e0d897 e-flex e-con-boxed e-con e-child\" data-id=\"76e0d897\" data-element_type=\"container\">\n\t\t\t\t\t<div class=\"e-con-inner\">\n\t\t\t\t<div class=\"elementor-element elementor-element-ebaba6 elementor-widget elementor-widget-heading\" data-id=\"ebaba6\" data-element_type=\"widget\" data-widget_type=\"heading.default\">\n\t\t\t\t<div class=\"elementor-widget-container\">\n\t\t\t<h2 class=\"elementor-heading-title elementor-size-default\">Faites vivre votre marque. \u00c9changeons sur votre projet.<\/h2>\t\t<\/div>\n\t\t\t\t<\/div>\n\t\t\t\t<div class=\"elementor-element elementor-element-7695843d elementor-widget elementor-widget-text-editor\" data-id=\"7695843d\" data-element_type=\"widget\" data-widget_type=\"text-editor.default\">\n\t\t\t\t<div class=\"elementor-widget-container\">\n\t\t\t\t\t\t\t<p>Envie de sublimer votre image ou cr\u00e9er un univers qui vous ressemble ?<br data-start=\"387\" data-end=\"390\" \/>Je vous accompagne pour transformer vos id\u00e9es en exp\u00e9riences visuelles uniques.<\/p>\t\t\t\t\t\t<\/div>\n\t\t\t\t<\/div>\n\t\t\t\t<div class=\"elementor-element elementor-element-3012b51d elementor-mobile-align-center elementor-align-center elementor-widget elementor-widget-button\" data-id=\"3012b51d\" data-element_type=\"widget\" data-widget_type=\"button.default\">\n\t\t\t\t<div class=\"elementor-widget-container\">\n\t\t\t\t\t<div class=\"elementor-button-wrapper\">\n\t\t\t<a class=\"elementor-button elementor-button-link elementor-size-sm\" href=\"https:\/\/charlotteperrotton.com\/?page_id=35\">\n\t\t\t\t\t\t<span class=\"elementor-button-content-wrapper\">\n\t\t\t\t\t\t\t\t\t<span class=\"elementor-button-text\">Discutons de v\u00f4tre projet !<\/span>\n\t\t\t\t\t<\/span>\n\t\t\t\t\t<\/a>\n\t\t<\/div>\n\t\t\t\t<\/div>\n\t\t\t\t<\/div>\n\t\t\t\t\t<\/div>\n\t\t\t\t<\/div>\n\t\t\t\t\t<\/div>\n\t\t\t\t<\/div>\n\t\t\t\t<\/div>\n\t\t","protected":false},"excerpt":{"rendered":"<p>Refonte graphique &amp; cr\u00e9ation du site web Objectif : transformer l\u2019identit\u00e9 visuelle en levier de performance digitale. Une refonte UX\/UI compl\u00e8te a permis d\u2019optimiser les parcours utilisateurs, clarifier le positionnement et renforcer l\u2019impact des messages cl\u00e9s. La nouvelle charte graphique a \u00e9t\u00e9 pens\u00e9e pour am\u00e9liorer la lisibilit\u00e9, structurer les contenus et soutenir les objectifs de [&hellip;]<\/p>\n","protected":false},"author":1,"featured_media":427,"parent":0,"menu_order":0,"comment_status":"closed","ping_status":"closed","template":"","meta":{"footnotes":""},"class_list":["post-650","page","type-page","status-publish","has-post-thumbnail","hentry"],"yoast_head":"<!-- This site is optimized with the Yoast SEO plugin v25.9 - https:\/\/yoast.com\/wordpress\/plugins\/seo\/ -->\n<title>Solid - Charlotte Design<\/title>\n<meta name=\"description\" content=\"Directrice Artistique passionn\u00e9e par la communication visuelle. Venez d\u00e9couvrir mon univers cr\u00e9atif et mes projets.\" \/>\n<meta name=\"robots\" content=\"index, follow, max-snippet:-1, max-image-preview:large, max-video-preview:-1\" \/>\n<link rel=\"canonical\" href=\"https:\/\/charlotteperrotton.com\/?page_id=650\" \/>\n<meta property=\"og:locale\" content=\"en_US\" \/>\n<meta property=\"og:type\" content=\"article\" \/>\n<meta property=\"og:title\" content=\"Solid - Charlotte Design\" \/>\n<meta property=\"og:description\" content=\"Directrice Artistique passionn\u00e9e par la communication visuelle. Venez d\u00e9couvrir mon univers cr\u00e9atif et mes projets.\" \/>\n<meta property=\"og:url\" content=\"https:\/\/charlotteperrotton.com\/?page_id=650\" \/>\n<meta property=\"og:site_name\" content=\"Charlotte Design\" \/>\n<meta property=\"article:modified_time\" content=\"2026-02-23T18:40:08+00:00\" \/>\n<meta property=\"og:image\" content=\"http:\/\/charlotteperrotton.com\/wp-content\/uploads\/2024\/07\/portfolio-5.jpg\" \/>\n\t<meta property=\"og:image:width\" content=\"800\" \/>\n\t<meta property=\"og:image:height\" content=\"435\" \/>\n\t<meta property=\"og:image:type\" content=\"image\/jpeg\" \/>\n<meta name=\"twitter:card\" content=\"summary_large_image\" \/>\n<meta name=\"twitter:label1\" content=\"Est. reading time\" \/>\n\t<meta name=\"twitter:data1\" content=\"1 minute\" \/>\n<script type=\"application\/ld+json\" class=\"yoast-schema-graph\">{\"@context\":\"https:\/\/schema.org\",\"@graph\":[{\"@type\":\"WebPage\",\"@id\":\"https:\/\/charlotteperrotton.com\/?page_id=650\",\"url\":\"https:\/\/charlotteperrotton.com\/?page_id=650\",\"name\":\"Solid - Charlotte Design\",\"isPartOf\":{\"@id\":\"https:\/\/charlotteperrotton.com\/#website\"},\"primaryImageOfPage\":{\"@id\":\"https:\/\/charlotteperrotton.com\/?page_id=650#primaryimage\"},\"image\":{\"@id\":\"https:\/\/charlotteperrotton.com\/?page_id=650#primaryimage\"},\"thumbnailUrl\":\"https:\/\/charlotteperrotton.com\/wp-content\/uploads\/2024\/07\/portfolio-5.jpg\",\"datePublished\":\"2024-07-02T18:29:30+00:00\",\"dateModified\":\"2026-02-23T18:40:08+00:00\",\"description\":\"Directrice Artistique passionn\u00e9e par la communication visuelle. Venez d\u00e9couvrir mon univers cr\u00e9atif et mes projets.\",\"breadcrumb\":{\"@id\":\"https:\/\/charlotteperrotton.com\/?page_id=650#breadcrumb\"},\"inLanguage\":\"en-US\",\"potentialAction\":[{\"@type\":\"ReadAction\",\"target\":[\"https:\/\/charlotteperrotton.com\/?page_id=650\"]}]},{\"@type\":\"ImageObject\",\"inLanguage\":\"en-US\",\"@id\":\"https:\/\/charlotteperrotton.com\/?page_id=650#primaryimage\",\"url\":\"https:\/\/charlotteperrotton.com\/wp-content\/uploads\/2024\/07\/portfolio-5.jpg\",\"contentUrl\":\"https:\/\/charlotteperrotton.com\/wp-content\/uploads\/2024\/07\/portfolio-5.jpg\",\"width\":800,\"height\":435},{\"@type\":\"BreadcrumbList\",\"@id\":\"https:\/\/charlotteperrotton.com\/?page_id=650#breadcrumb\",\"itemListElement\":[{\"@type\":\"ListItem\",\"position\":1,\"name\":\"Accueil\",\"item\":\"https:\/\/charlotteperrotton.com\/\"},{\"@type\":\"ListItem\",\"position\":2,\"name\":\"Solid\"}]},{\"@type\":\"WebSite\",\"@id\":\"https:\/\/charlotteperrotton.com\/#website\",\"url\":\"https:\/\/charlotteperrotton.com\/\",\"name\":\"Charlotte Perrotton Design\",\"description\":\"Brand Designer\",\"potentialAction\":[{\"@type\":\"SearchAction\",\"target\":{\"@type\":\"EntryPoint\",\"urlTemplate\":\"https:\/\/charlotteperrotton.com\/?s={search_term_string}\"},\"query-input\":{\"@type\":\"PropertyValueSpecification\",\"valueRequired\":true,\"valueName\":\"search_term_string\"}}],\"inLanguage\":\"en-US\"}]}<\/script>\n<!-- \/ Yoast SEO plugin. -->","yoast_head_json":{"title":"Solid - Charlotte Design","description":"Directrice Artistique passionn\u00e9e par la communication visuelle. Venez d\u00e9couvrir mon univers cr\u00e9atif et mes projets.","robots":{"index":"index","follow":"follow","max-snippet":"max-snippet:-1","max-image-preview":"max-image-preview:large","max-video-preview":"max-video-preview:-1"},"canonical":"https:\/\/charlotteperrotton.com\/?page_id=650","og_locale":"en_US","og_type":"article","og_title":"Solid - Charlotte Design","og_description":"Directrice Artistique passionn\u00e9e par la communication visuelle. Venez d\u00e9couvrir mon univers cr\u00e9atif et mes projets.","og_url":"https:\/\/charlotteperrotton.com\/?page_id=650","og_site_name":"Charlotte Design","article_modified_time":"2026-02-23T18:40:08+00:00","og_image":[{"width":800,"height":435,"url":"http:\/\/charlotteperrotton.com\/wp-content\/uploads\/2024\/07\/portfolio-5.jpg","type":"image\/jpeg"}],"twitter_card":"summary_large_image","twitter_misc":{"Est. reading time":"1 minute"},"schema":{"@context":"https:\/\/schema.org","@graph":[{"@type":"WebPage","@id":"https:\/\/charlotteperrotton.com\/?page_id=650","url":"https:\/\/charlotteperrotton.com\/?page_id=650","name":"Solid - Charlotte Design","isPartOf":{"@id":"https:\/\/charlotteperrotton.com\/#website"},"primaryImageOfPage":{"@id":"https:\/\/charlotteperrotton.com\/?page_id=650#primaryimage"},"image":{"@id":"https:\/\/charlotteperrotton.com\/?page_id=650#primaryimage"},"thumbnailUrl":"https:\/\/charlotteperrotton.com\/wp-content\/uploads\/2024\/07\/portfolio-5.jpg","datePublished":"2024-07-02T18:29:30+00:00","dateModified":"2026-02-23T18:40:08+00:00","description":"Directrice Artistique passionn\u00e9e par la communication visuelle. Venez d\u00e9couvrir mon univers cr\u00e9atif et mes projets.","breadcrumb":{"@id":"https:\/\/charlotteperrotton.com\/?page_id=650#breadcrumb"},"inLanguage":"en-US","potentialAction":[{"@type":"ReadAction","target":["https:\/\/charlotteperrotton.com\/?page_id=650"]}]},{"@type":"ImageObject","inLanguage":"en-US","@id":"https:\/\/charlotteperrotton.com\/?page_id=650#primaryimage","url":"https:\/\/charlotteperrotton.com\/wp-content\/uploads\/2024\/07\/portfolio-5.jpg","contentUrl":"https:\/\/charlotteperrotton.com\/wp-content\/uploads\/2024\/07\/portfolio-5.jpg","width":800,"height":435},{"@type":"BreadcrumbList","@id":"https:\/\/charlotteperrotton.com\/?page_id=650#breadcrumb","itemListElement":[{"@type":"ListItem","position":1,"name":"Accueil","item":"https:\/\/charlotteperrotton.com\/"},{"@type":"ListItem","position":2,"name":"Solid"}]},{"@type":"WebSite","@id":"https:\/\/charlotteperrotton.com\/#website","url":"https:\/\/charlotteperrotton.com\/","name":"Charlotte Perrotton Design","description":"Brand Designer","potentialAction":[{"@type":"SearchAction","target":{"@type":"EntryPoint","urlTemplate":"https:\/\/charlotteperrotton.com\/?s={search_term_string}"},"query-input":{"@type":"PropertyValueSpecification","valueRequired":true,"valueName":"search_term_string"}}],"inLanguage":"en-US"}]}},"_links":{"self":[{"href":"https:\/\/charlotteperrotton.com\/index.php?rest_route=\/wp\/v2\/pages\/650","targetHints":{"allow":["GET"]}}],"collection":[{"href":"https:\/\/charlotteperrotton.com\/index.php?rest_route=\/wp\/v2\/pages"}],"about":[{"href":"https:\/\/charlotteperrotton.com\/index.php?rest_route=\/wp\/v2\/types\/page"}],"author":[{"embeddable":true,"href":"https:\/\/charlotteperrotton.com\/index.php?rest_route=\/wp\/v2\/users\/1"}],"replies":[{"embeddable":true,"href":"https:\/\/charlotteperrotton.com\/index.php?rest_route=%2Fwp%2Fv2%2Fcomments&post=650"}],"version-history":[{"count":61,"href":"https:\/\/charlotteperrotton.com\/index.php?rest_route=\/wp\/v2\/pages\/650\/revisions"}],"predecessor-version":[{"id":2114,"href":"https:\/\/charlotteperrotton.com\/index.php?rest_route=\/wp\/v2\/pages\/650\/revisions\/2114"}],"wp:featuredmedia":[{"embeddable":true,"href":"https:\/\/charlotteperrotton.com\/index.php?rest_route=\/wp\/v2\/media\/427"}],"wp:attachment":[{"href":"https:\/\/charlotteperrotton.com\/index.php?rest_route=%2Fwp%2Fv2%2Fmedia&parent=650"}],"curies":[{"name":"wp","href":"https:\/\/api.w.org\/{rel}","templated":true}]}}